{"id":2439,"date":"2025-11-25T12:45:28","date_gmt":"2025-11-25T11:45:28","guid":{"rendered":"https:\/\/pisdisplay.com\/?page_id=2439"},"modified":"2026-03-25T11:40:37","modified_gmt":"2026-03-25T10:40:37","slug":"railway-equipment","status":"publish","type":"page","link":"https:\/\/pisdisplay.com\/hu\/railway-equipment\/","title":{"rendered":"Vas\u00fati Berendez\u00e9sek"},"content":{"rendered":"<div class=\"wp-block-uagb-container uagb-block-008591ee alignfull uagb-is-root-container\"><div class=\"uagb-container-inner-blocks-wrap\">\n<div class=\"wp-block-uagb-info-box uagb-block-174fd325 uagb-infobox__content-wrap  uagb-infobox-icon-above-title uagb-infobox-image-valign-top wp-block-uagb-info-box--has-margin\"><div class=\"uagb-infobox-margin-wrapper\"><div class=\"uagb-ifb-content\"><div class=\"uagb-ifb-title-wrap\"><h1 class=\"uagb-ifb-title-prefix\">Vas\u00fati Berendez\u00e9sek<\/h1><h3 class=\"uagb-ifb-title\">Tekintse meg professzion\u00e1lis kieg\u00e9sz\u00edt\u0151inket, \u00e9s tal\u00e1lja meg a megfelel\u0151 eszk\u00f6z\u00f6ket a berendez\u00e9s\u00e9hez.<br><br><\/h3><\/div><\/div><\/div><\/div>\n<\/div><\/div>\n\n\n\n<div class=\"wp-block-uagb-container uagb-block-c680f108 alignfull uagb-is-root-container\"><div class=\"uagb-container-inner-blocks-wrap\">\n<div class=\"wp-block-uagb-container uagb-block-963c4728\">\n<div class=\"wp-block-uagb-container uagb-block-4dbc1d2f alignfull uagb-is-root-container\"><div class=\"uagb-container-inner-blocks-wrap\">\n<div class=\"wp-block-uagb-container uagb-block-aadf6f28\">\n<div class=\"wp-block-uagb-image aligncenter uagb-block-4c283819 wp-block-uagb-image--layout-default wp-block-uagb-image--effect-static wp-block-uagb-image--align-center\"><figure class=\"wp-block-uagb-image__figure\"><img decoding=\"async\" srcset=\"https:\/\/pisdisplay.com\/wp-content\/uploads\/2026\/01\/AG_hangszoro_tarto.png ,https:\/\/pisdisplay.com\/wp-content\/uploads\/2026\/01\/AG_hangszoro_tarto.png 780w, https:\/\/pisdisplay.com\/wp-content\/uploads\/2026\/01\/AG_hangszoro_tarto.png 360w\" sizes=\"auto, (max-width: 480px) 150px\" src=\"https:\/\/pisdisplay.com\/wp-content\/uploads\/2026\/01\/AG_hangszoro_tarto.png\" alt=\"\" class=\"uag-image-3111\" width=\"207\" height=\"225\" title=\"AG_hangszoro_tarto\" loading=\"lazy\" role=\"img\"\/><\/figure><\/div>\n\n\n\n<div class=\"wp-block-uagb-info-box uagb-block-9eba5ccc uagb-infobox__content-wrap  uagb-infobox-icon-left uagb-infobox-left uagb-infobox-stacked-mobile uagb-infobox-image-valign-top wp-block-uagb-info-box--has-margin product-card-title\"><div class=\"uagb-infobox-margin-wrapper\"><div class=\"uagb-ifb-icon-wrap\"><svg xmlns=\"https:\/\/www.w3.org\/2000\/svg\" viewbox=\"0 0 512 512\"><path d=\"M502.6 182.6l-45.25-45.25C451.4 131.4 443.3 128 434.8 128H384V80C384 53.5 362.5 32 336 32h-160C149.5 32 128 53.5 128 80V128H77.25c-8.5 0-16.62 3.375-22.62 9.375L9.375 182.6C3.375 188.6 0 196.8 0 205.3V304h128v-32C128 263.1 135.1 256 144 256h32C184.9 256 192 263.1 192 272v32h128v-32C320 263.1 327.1 256 336 256h32C376.9 256 384 263.1 384 272v32h128V205.3C512 196.8 508.6 188.6 502.6 182.6zM336 128h-160V80h160V128zM384 368c0 8.875-7.125 16-16 16h-32c-8.875 0-16-7.125-16-16v-32H192v32C192 376.9 184.9 384 176 384h-32C135.1 384 128 376.9 128 368v-32H0V448c0 17.62 14.38 32 32 32h448c17.62 0 32-14.38 32-32v-112h-128V368z\"><\/path><\/svg><\/div><div class=\"uagb-ifb-content\"><div class=\"uagb-ifb-title-wrap\"><h6 class=\"uagb-ifb-title\">AG-HT-X-X<\/h6><\/div><\/div><\/div><\/div>\n\n\n\n<a href=\"https:\/\/pisdisplay.com\/wp-content\/uploads\/2026\/03\/AG-HT-X-X-2026.pdf\" download style=\"margin-top: 6px; margin-bottom: 6px; text-align: center; text-decoration: underline;\" target=\"_blank\">Specifik\u00e1ci\u00f3s PDF let\u00f6lt\u00e9se<\/a>\n\n\n\n<div class=\"wp-block-uagb-buttons uagb-buttons__outer-wrap uagb-btn__default-btn uagb-btn-tablet__default-btn uagb-btn-mobile__default-btn uagb-block-710c7468\"><div class=\"uagb-buttons__wrap uagb-buttons-layout-wrap\">\n<div class=\"wp-block-uagb-buttons-child uagb-buttons__outer-wrap uagb-block-55ba76e2 wp-block-button\"><div class=\"uagb-button__wrapper\"><a class=\"uagb-buttons-repeater wp-block-button__link\" aria-label=\"\" href=\"https:\/\/pisdisplay.com\/hu\/contact\/\" rel=\"follow noopener\" target=\"_self\" role=\"button\"><div class=\"uagb-button__link\">Kapcsolat<\/div><\/a><\/div><\/div>\n<\/div><\/div>\n<\/div>\n\n\n\n<div class=\"wp-block-uagb-container uagb-block-aed90e21\">\n<div class=\"wp-block-uagb-advanced-heading uagb-block-23d81ac4\"><h4 class=\"uagb-heading-text\">Hangsz\u00f3r\u00f3-tart\u00f3k<\/h4><p class=\"uagb-desc-text\">AG-HT-X-X<\/p><\/div>\n\n\n\n<p class=\"has-text-color has-link-color wp-elements-1c5fe1e4c030f7d902b96ed65c9443f6\" style=\"color:#0a0a0a80\">Hangsz\u00f3r\u00f3-r\u00f6gz\u00edt\u00e9si megold\u00e1saink a nyom\u00e1skamr\u00e1s hangsz\u00f3r\u00f3k vas\u00fati k\u00f6rnyezetben t\u00f6rt\u00e9n\u0151 biztons\u00e1gos felszerel\u00e9s\u00e9re szolg\u00e1lnak. K\u00fcl\u00f6nb\u00f6z\u0151 oszlopkonfigur\u00e1ci\u00f3khoz alkalmazhat\u00f3k, \u00e9s stabil, tart\u00f3s t\u00e1maszt\u00e9kk\u00e9nt biztos\u00edtj\u00e1k a megb\u00edzhat\u00f3 hangteljes\u00edtm\u00e9nyt.<\/p>\n\n\n\n<div class=\"wp-block-uagb-advanced-heading uagb-block-7dd16de0\"><h6 class=\"uagb-heading-text\"><strong>Hangsz\u00f3r\u00f3 tart\u00f3 dupla 6 m\u00e9teres oszlopokhoz \u2013 AG-HT-6-D<\/strong>:<\/h6><p class=\"uagb-desc-text\">Vas\u00fati k\u00f6rnyezetben felszerelt nyom\u00f3kamr\u00e1s hangsz\u00f3r\u00f3k r\u00f6gz\u00edt\u0151 szerkezete.<\/p><\/div>\n\n\n\n<div class=\"wp-block-uagb-advanced-heading uagb-block-c4812ba8\"><h6 class=\"uagb-heading-text\"><strong><strong>Hangsz\u00f3r\u00f3 tart\u00f3 6 m\u00e9teres oszlophoz \u2013 AG-HT-6-S<\/strong>:<\/strong><\/h6><p class=\"uagb-desc-text\">Vas\u00fati k\u00f6rnyezetben felszerelt nyom\u00f3kamr\u00e1s hangsz\u00f3r\u00f3k r\u00f6gz\u00edt\u00e9s\u00e9re szolg\u00e1l\u00f3 tart\u00f3szerkezet.<\/p><\/div>\n\n\n\n<div class=\"wp-block-uagb-advanced-heading uagb-block-1bf0972f\"><h6 class=\"uagb-heading-text\"><strong><strong>Hangsz\u00f3r\u00f3 tart\u00f3 dupla 4 m\u00e9teres oszlophoz \u2013 AG-HT-4-D<\/strong>:<\/strong><\/h6><p class=\"uagb-desc-text\">Vas\u00fati k\u00f6rnyezetben felszerelt nyom\u00f3kamr\u00e1s hangsz\u00f3r\u00f3k r\u00f6gz\u00edt\u0151 szerkezete.<\/p><\/div>\n\n\n\n<div class=\"wp-block-uagb-advanced-heading uagb-block-ba0dc10e\"><h6 class=\"uagb-heading-text\"><strong>Hangsz\u00f3r\u00f3 tart\u00f3 4 m\u00e9teres oszlophoz \u2013 AG-HT-4-S:<\/strong><\/h6><p class=\"uagb-desc-text\">Vas\u00fati k\u00f6rnyezetben felszerelt nyom\u00f3kamr\u00e1s hangsz\u00f3r\u00f3k r\u00f6gz\u00edt\u0151 szerkezete.<\/p><\/div>\n<\/div>\n<\/div><\/div>\n<\/div>\n\n\n\n<div class=\"wp-block-uagb-container uagb-block-c922e5dc\">\n<div class=\"wp-block-uagb-container uagb-block-7b908deb alignfull uagb-is-root-container\"><div class=\"uagb-container-inner-blocks-wrap\">\n<div class=\"wp-block-uagb-container uagb-block-335b7948\">\n<div class=\"wp-block-uagb-image aligncenter uagb-block-a3a7471e wp-block-uagb-image--layout-default wp-block-uagb-image--effect-static wp-block-uagb-image--align-center\"><figure class=\"wp-block-uagb-image__figure\"><img decoding=\"async\" srcset=\"https:\/\/pisdisplay.com\/wp-content\/uploads\/2025\/11\/AG_KHW_DOBOZ_3D_kep.png ,https:\/\/pisdisplay.com\/wp-content\/uploads\/2025\/11\/AG_KHW_DOBOZ_3D_kep-1024x789.png 780w, http:\/\/pisdisplay.com\/wp-content\/uploads\/2025\/11\/AG_KHW_DOBOZ_3D_kep.png 360w\" sizes=\"auto, (max-width: 480px) 150px\" src=\"https:\/\/pisdisplay.com\/wp-content\/uploads\/2025\/11\/AG_KHW_DOBOZ_3D_kep.png\" alt=\"\" class=\"uag-image-2460\" width=\"1980\" height=\"1526\" title=\"AG_KHW_DOBOZ_3D_ke\u0301p\" loading=\"lazy\" role=\"img\"\/><\/figure><\/div>\n\n\n\n<div class=\"wp-block-uagb-info-box uagb-block-13346646 uagb-infobox__content-wrap  uagb-infobox-icon-left uagb-infobox-left uagb-infobox-stacked-mobile uagb-infobox-image-valign-top wp-block-uagb-info-box--has-margin product-card-title\"><div class=\"uagb-infobox-margin-wrapper\"><div class=\"uagb-ifb-icon-wrap\"><svg xmlns=\"https:\/\/www.w3.org\/2000\/svg\" viewbox=\"0 0 512 512\"><path d=\"M502.6 182.6l-45.25-45.25C451.4 131.4 443.3 128 434.8 128H384V80C384 53.5 362.5 32 336 32h-160C149.5 32 128 53.5 128 80V128H77.25c-8.5 0-16.62 3.375-22.62 9.375L9.375 182.6C3.375 188.6 0 196.8 0 205.3V304h128v-32C128 263.1 135.1 256 144 256h32C184.9 256 192 263.1 192 272v32h128v-32C320 263.1 327.1 256 336 256h32C376.9 256 384 263.1 384 272v32h128V205.3C512 196.8 508.6 188.6 502.6 182.6zM336 128h-160V80h160V128zM384 368c0 8.875-7.125 16-16 16h-32c-8.875 0-16-7.125-16-16v-32H192v32C192 376.9 184.9 384 176 384h-32C135.1 384 128 376.9 128 368v-32H0V448c0 17.62 14.38 32 32 32h448c17.62 0 32-14.38 32-32v-112h-128V368z\"><\/path><\/svg><\/div><div class=\"uagb-ifb-content\"><div class=\"uagb-ifb-title-wrap\"><h6 class=\"uagb-ifb-title\">AG-KHW-20<\/h6><\/div><\/div><\/div><\/div>\n\n\n\n<a href=\"https:\/\/pisdisplay.com\/wp-content\/uploads\/2026\/03\/AG_KHW_20_2026.pdf\" download style=\"margin-top: 6px; margin-bottom: 6px; text-align: center; text-decoration: underline;\" target=\"_blank\">Specifik\u00e1ci\u00f3s PDF let\u00f6lt\u00e9se<\/a>\n\n\n\n<div class=\"wp-block-uagb-buttons uagb-buttons__outer-wrap uagb-btn__default-btn uagb-btn-tablet__default-btn uagb-btn-mobile__default-btn uagb-block-a63b528c\"><div class=\"uagb-buttons__wrap uagb-buttons-layout-wrap\">\n<div class=\"wp-block-uagb-buttons-child uagb-buttons__outer-wrap uagb-block-82189a77 wp-block-button\"><div class=\"uagb-button__wrapper\"><a class=\"uagb-buttons-repeater wp-block-button__link\" aria-label=\"\" href=\"https:\/\/pisdisplay.com\/hu\/contact\/\" rel=\"follow noopener\" target=\"_self\" role=\"button\"><div class=\"uagb-button__link\">Kapcsolat<\/div><\/a><\/div><\/div>\n<\/div><\/div>\n<\/div>\n\n\n\n<div class=\"wp-block-uagb-container uagb-block-7923c2f5\">\n<div class=\"wp-block-uagb-advanced-heading uagb-block-0b78db1f\"><h4 class=\"uagb-heading-text\">Oszlopba Helyezhet\u0151 24 P\u00f3lus\u00fa K\u00f6t\u0151doboz<\/h4><p class=\"uagb-desc-text\">AG-KHW-20<\/p><\/div>\n\n\n\n<p class=\"has-text-color has-link-color wp-elements-7c840920b93dda7877ea0f3a30aadb96\" style=\"color:#0a0a0a80\">Az AG-KHW-20 egy t\u00e9rvil\u00e1g\u00edt\u00e1si oszlopokba (kandell\u00e1berekbe) integr\u00e1lhat\u00f3, 24 p\u00f3lus\u00fa k\u00f6t\u0151doboz, amely ide\u00e1lisan illeszkedik 4 \u00e9s 6 m\u00e9teres kandell\u00e1berek test\u00e9be. A kialak\u00edt\u00e1s lehet\u0151v\u00e9 teszi hangsz\u00f3r\u00f3- \u00e9s t\u00e1vk\u00f6zl\u00e9si k\u00e1belek biztons\u00e1gos \u00e9s rendezett k\u00f6t\u00e9s\u00e9t, valamint alkalmas vonatmeneszt\u0151 TBK-30 t\u00edpus\u00fa eszk\u00f6z\u00f6k k\u00e1beleinek szakszer\u0171 kifejt\u00e9s\u00e9re \u00e9s csatlakoztat\u00e1s\u00e1ra.<\/p>\n\n\n\n<div class=\"wp-block-uagb-advanced-heading uagb-block-3af274c2\"><h6 class=\"uagb-heading-text\"><strong>F\u0150BB JELLEMZ\u0150K<\/strong>:<\/h6><p class=\"uagb-desc-text\">\u2013 Oszlopon bel\u00fcli elhelyez\u00e9sre optimaliz\u00e1lt kompakt kialak\u00edt\u00e1s<br>\u2013 24 p\u00f3lus\u00fa k\u00f6t\u00e9si lehet\u0151s\u00e9g<br>\u2013 Hangsz\u00f3r\u00f3- \u00e9s t\u00e1vk\u00f6zl\u00e9si k\u00e1belekhez is alkalmas<br>\u2013 TBK-30 vonatmeneszt\u0151 eszk\u00f6z k\u00e1belkifejt\u00e9s\u00e9nek fogad\u00e1s\u00e1ra tervezve<br>\u2013 4 m \u00e9s 6 m magas kandell\u00e1berekkel kompatibilis<br>\u2013 Rendszerezett, karbantarthat\u00f3 bels\u0151 k\u00e1belvezet\u00e9s<\/p><\/div>\n\n\n\n<div class=\"wp-block-uagb-advanced-heading uagb-block-71f128d6\"><h6 class=\"uagb-heading-text\"><strong>FELHASZN\u00c1L\u00c1SI TER\u00dcLETEK<\/strong>:<\/h6><p class=\"uagb-desc-text\">\u2013 Vas\u00fati \u00e9s k\u00f6zter\u00fcleti t\u00e9rvil\u00e1g\u00edt\u00e1s<br>\u2013 Utast\u00e1j\u00e9koztat\u00f3 \u00e9s hangos\u00edt\u00e1si rendszerek<br>\u2013 T\u00e1vk\u00f6zl\u00e9si \u00e9s vez\u00e9rl\u00e9si infrastrukt\u00far\u00e1k<br>\u2013 Vas\u00fat\u00fczemi vonatmeneszt\u0151 rendszerek<\/p><\/div>\n<\/div>\n<\/div><\/div>\n<\/div>\n\n\n\n<div class=\"wp-block-uagb-container uagb-block-f84fc3d5\">\n<div class=\"wp-block-uagb-container uagb-block-cffc1ca0 alignfull uagb-is-root-container\"><div class=\"uagb-container-inner-blocks-wrap\">\n<div class=\"wp-block-uagb-container uagb-block-294eef85\">\n<div class=\"wp-block-uagb-image aligncenter uagb-block-424a7fce wp-block-uagb-image--layout-default wp-block-uagb-image--effect-static wp-block-uagb-image--align-center\"><figure class=\"wp-block-uagb-image__figure\"><img loading=\"lazy\" decoding=\"async\" srcset=\"https:\/\/pisdisplay.com\/wp-content\/uploads\/2026\/03\/AG_HKD_KVC_2026_02-e1774434953779.png ,https:\/\/pisdisplay.com\/wp-content\/uploads\/2026\/03\/AG_HKD_KVC_2026_02-e1774434953779.png 780w, https:\/\/pisdisplay.com\/wp-content\/uploads\/2026\/03\/AG_HKD_KVC_2026_02-e1774434953779.png 360w\" sizes=\"auto, (max-width: 480px) 150px\" src=\"https:\/\/pisdisplay.com\/wp-content\/uploads\/2026\/03\/AG_HKD_KVC_2026_02-e1774434953779.png\" alt=\"\" class=\"uag-image-3463\" width=\"503\" height=\"490\" title=\"AG_HKD_KVC_2026_02\" role=\"img\"\/><\/figure><\/div>\n\n\n\n<div class=\"wp-block-uagb-info-box uagb-block-baca11ab uagb-infobox__content-wrap  uagb-infobox-icon-left uagb-infobox-left uagb-infobox-stacked-mobile uagb-infobox-image-valign-top wp-block-uagb-info-box--has-margin product-card-title\"><div class=\"uagb-infobox-margin-wrapper\"><div class=\"uagb-ifb-icon-wrap\"><svg xmlns=\"https:\/\/www.w3.org\/2000\/svg\" viewbox=\"0 0 512 512\"><path d=\"M502.6 182.6l-45.25-45.25C451.4 131.4 443.3 128 434.8 128H384V80C384 53.5 362.5 32 336 32h-160C149.5 32 128 53.5 128 80V128H77.25c-8.5 0-16.62 3.375-22.62 9.375L9.375 182.6C3.375 188.6 0 196.8 0 205.3V304h128v-32C128 263.1 135.1 256 144 256h32C184.9 256 192 263.1 192 272v32h128v-32C320 263.1 327.1 256 336 256h32C376.9 256 384 263.1 384 272v32h128V205.3C512 196.8 508.6 188.6 502.6 182.6zM336 128h-160V80h160V128zM384 368c0 8.875-7.125 16-16 16h-32c-8.875 0-16-7.125-16-16v-32H192v32C192 376.9 184.9 384 176 384h-32C135.1 384 128 376.9 128 368v-32H0V448c0 17.62 14.38 32 32 32h448c17.62 0 32-14.38 32-32v-112h-128V368z\"><\/path><\/svg><\/div><div class=\"uagb-ifb-content\"><div class=\"uagb-ifb-title-wrap\"><h6 class=\"uagb-ifb-title\">AG-HKD-KVC<\/h6><\/div><\/div><\/div><\/div>\n\n\n\n<a href=\"https:\/\/pisdisplay.com\/wp-content\/uploads\/2026\/03\/AG-HKD_KVC_2026.pdf\" download style=\"margin-top: 6px; margin-bottom: 6px; text-align: center; text-decoration: underline;\" target=\"_blank\">Specifik\u00e1ci\u00f3s PDF let\u00f6lt\u00e9se<\/a>\n\n\n\n<div class=\"wp-block-uagb-buttons uagb-buttons__outer-wrap uagb-btn__default-btn uagb-btn-tablet__default-btn uagb-btn-mobile__default-btn uagb-block-62260a89\"><div class=\"uagb-buttons__wrap uagb-buttons-layout-wrap\">\n<div class=\"wp-block-uagb-buttons-child uagb-buttons__outer-wrap uagb-block-f121a26a wp-block-button\"><div class=\"uagb-button__wrapper\"><a class=\"uagb-buttons-repeater wp-block-button__link\" aria-label=\"\" href=\"https:\/\/pisdisplay.com\/hu\/contact\/\" rel=\"follow noopener\" target=\"_self\" role=\"button\"><div class=\"uagb-button__link\">Kapcsolat<\/div><\/a><\/div><\/div>\n<\/div><\/div>\n<\/div>\n\n\n\n<div class=\"wp-block-uagb-container uagb-block-1ccaea6a\">\n<div class=\"wp-block-uagb-advanced-heading uagb-block-be79d410\"><h4 class=\"uagb-heading-text\">Hangsz\u00f3r\u00f3 K\u00f6t\u0151doboz<\/h4><p class=\"uagb-desc-text\">AG-HKD-KVC<\/p><\/div>\n\n\n\n<p class=\"has-text-color has-link-color wp-elements-18e91fb0887fb8cf710ea09add2f247e\" style=\"color:#0a0a0a80\">Az AG-HKD-KVC hangsz\u00f3r\u00f3 k\u00f6t\u0151doboz kifejezetten vas\u00fati \u00e9s t\u00f6megk\u00f6zleked\u00e9si k\u00f6rnyezetben alkalmazott nyom\u00f3kamr\u00e1s hangsz\u00f3r\u00f3k biztons\u00e1gos \u00e9s megb\u00edzhat\u00f3 k\u00e1belcsatlakoztat\u00e1s\u00e1ra lett tervezve. A robusztus, id\u0151j\u00e1r\u00e1s\u00e1ll\u00f3 kivitel hossz\u00fa t\u00e1von is stabil m\u0171k\u00f6d\u00e9st biztos\u00edt k\u00fclt\u00e9ri \u00e9s fedett peronokon, alulj\u00e1r\u00f3kban, \u00e1llom\u00e1si terekben.<\/p>\n\n\n\n<div class=\"wp-block-uagb-advanced-heading uagb-block-9c5a0be4\"><h6 class=\"uagb-heading-text\"><strong>F\u0150BB JELLEMZ\u0150K<\/strong>:<\/h6><p class=\"uagb-desc-text\">\u2013 IP55 v\u00e9detts\u00e9g\u0171 kialak\u00edt\u00e1s por \u00e9s v\u00edz ellen<br>\u2013 3 p\u00f3lus\u00fa elektromos csatlakoz\u00e1si lehet\u0151s\u00e9g<br>\u2013 3 db k\u00e1belbemeneti ny\u00edl\u00e1s<br>\u2013 Massz\u00edv, id\u0151j\u00e1r\u00e1s- \u00e9s UV-\u00e1ll\u00f3 kivitel<br>\u2013 Nyom\u00f3kamr\u00e1s hangsz\u00f3r\u00f3khoz optimaliz\u00e1lva<br>\u2013 Ide\u00e1lis vas\u00fati, metr\u00f3-, villamos- \u00e9s egy\u00e9b k\u00f6z\u00f6ss\u00e9gi k\u00f6zleked\u00e9si alkalmaz\u00e1sokhoz<\/p><\/div>\n\n\n\n<div class=\"wp-block-uagb-advanced-heading uagb-block-b2c866d0\"><p class=\"uagb-desc-text\">Az AG-HKD hangsz\u00f3r\u00f3 k\u00f6t\u0151doboz megb\u00edzhat\u00f3 megold\u00e1st ny\u00fajt olyan k\u00f6rnyezetekben, ahol a biztons\u00e1g, tart\u00f3ss\u00e1g \u00e9s \u00fczembiztoss\u00e1g alapk\u00f6vetelm\u00e9ny.<\/p><\/div>\n<\/div>\n<\/div><\/div>\n<\/div>\n<\/div><\/div>\n\n\n\n<div class=\"wp-block-uagb-container contact-us-container uagb-block-5028a064 alignfull uagb-is-root-container\"><div class=\"uagb-container-inner-blocks-wrap\">\n<div class=\"wp-block-uagb-container uagb-block-3302537b\">\n<div class=\"wp-block-uagb-info-box uagb-block-60f46c42 uagb-infobox__content-wrap  uagb-infobox-icon-above-title uagb-infobox-image-valign-top wp-block-uagb-info-box--has-margin contact-us-info-box\"><div class=\"uagb-infobox-margin-wrapper\"><div class=\"uagb-ifb-content\"><div class=\"uagb-ifb-title-wrap\"><h5 class=\"uagb-ifb-title-prefix\">\u00c9rdeklik a megold\u00e1saink?<\/h5><h3 class=\"uagb-ifb-title\">L\u00e9pjen kapcsolatba m\u00e9g ma!<\/h3><\/div><div class=\"uagb-ifb-button-wrapper wp-block-button\"><a href=\"\/hu\/pisdisplay.com\/contact\/\" class=\"uagb-infobox-cta-link wp-block-button__link\" target=\"_self\" rel=\"noopener noreferrer\" onclick=\"return true;\"><span class=\"uagb-inline-editing\">\u00dczenet K\u00fcld\u00e9se<\/span><\/a><\/div><\/div><\/div><\/div>\n<\/div>\n<\/div><\/div>","protected":false},"excerpt":{"rendered":"<p>Download Specifications PDF Speaker Mounts AG-HT-X-X Our speaker mounting solutions are designed for secure installation of pressure chamber speakers in railway environments. They accommodate various pole configurations and provide stable, durable support for reliable audio performance. Speaker mount for double 6-meter poles \u2013 AG-HT-6-D: Mounting structure for mounting pressure chamber speakers installed in railway environments. [&hellip;]<\/p>\n","protected":false},"author":1,"featured_media":0,"parent":0,"menu_order":0,"comment_status":"closed","ping_status":"closed","template":"","meta":{"_uag_custom_page_level_css":"","site-sidebar-layout":"no-sidebar","site-content-layout":"page-builder","ast-site-content-layout":"full-width-container","site-content-style":"unboxed","site-sidebar-style":"unboxed","ast-global-header-display":"","ast-banner-title-visibility":"","ast-main-header-display":"","ast-hfb-above-header-display":"","ast-hfb-below-header-display":"","ast-hfb-mobile-header-display":"","site-post-title":"disabled","ast-breadcrumbs-content":"","ast-featured-img":"disabled","footer-sml-layout":"","ast-disable-related-posts":"","theme-transparent-header-meta":"enabled","adv-header-id-meta":"","stick-header-meta":"","header-above-stick-meta":"","header-main-stick-meta":"","header-below-stick-meta":"","astra-migrate-meta-layouts":"set","ast-page-background-enabled":"default","ast-page-background-meta":{"desktop":{"background-color":"","background-image":"","background-repeat":"repeat","background-position":"center center","background-size":"auto","background-attachment":"scroll","background-type":"","background-media":"","overlay-type":"","overlay-color":"","overlay-opacity":"","overlay-gradient":""},"tablet":{"background-color":"","background-image":"","background-repeat":"repeat","background-position":"center center","background-size":"auto","background-attachment":"scroll","background-type":"","background-media":"","overlay-type":"","overlay-color":"","overlay-opacity":"","overlay-gradient":""},"mobile":{"background-color":"","background-image":"","background-repeat":"repeat","background-position":"center center","background-size":"auto","background-attachment":"scroll","background-type":"","background-media":"","overlay-type":"","overlay-color":"","overlay-opacity":"","overlay-gradient":""}},"ast-content-background-meta":{"desktop":{"background-color":"var(--ast-global-color-5)","background-image":"","background-repeat":"repeat","background-position":"center center","background-size":"auto","background-attachment":"scroll","background-type":"","background-media":"","overlay-type":"","overlay-color":"","overlay-opacity":"","overlay-gradient":""},"tablet":{"background-color":"var(--ast-global-color-5)","background-image":"","background-repeat":"repeat","background-position":"center center","background-size":"auto","background-attachment":"scroll","background-type":"","background-media":"","overlay-type":"","overlay-color":"","overlay-opacity":"","overlay-gradient":""},"mobile":{"background-color":"var(--ast-global-color-5)","background-image":"","background-repeat":"repeat","background-position":"center center","background-size":"auto","background-attachment":"scroll","background-type":"","background-media":"","overlay-type":"","overlay-color":"","overlay-opacity":"","overlay-gradient":""}},"footnotes":""},"class_list":["post-2439","page","type-page","status-publish","hentry"],"aioseo_notices":[],"_hostinger_reach_plugin_has_subscription_block":false,"_hostinger_reach_plugin_is_elementor":false,"uagb_featured_image_src":{"full":false,"thumbnail":false,"medium":false,"medium_large":false,"large":false,"1536x1536":false,"2048x2048":false,"trp-custom-language-flag":false},"uagb_author_info":{"display_name":"mark.meszaros@anrogravitas.com","author_link":"https:\/\/pisdisplay.com\/hu\/author\/mark-meszarosanrogravitas-com\/"},"uagb_comment_info":0,"uagb_excerpt":"Download Specifications PDF Speaker Mounts AG-HT-X-X Our speaker mounting solutions are designed for secure installation of pressure chamber speakers in railway environments. They accommodate various pole configurations and provide stable, durable support for reliable audio performance. Speaker mount for double 6-meter poles \u2013 AG-HT-6-D: Mounting structure for mounting pressure chamber speakers installed in railway environments.&hellip;","_links":{"self":[{"href":"https:\/\/pisdisplay.com\/hu\/wp-json\/wp\/v2\/pages\/2439","targetHints":{"allow":["GET"]}}],"collection":[{"href":"https:\/\/pisdisplay.com\/hu\/wp-json\/wp\/v2\/pages"}],"about":[{"href":"https:\/\/pisdisplay.com\/hu\/wp-json\/wp\/v2\/types\/page"}],"author":[{"embeddable":true,"href":"https:\/\/pisdisplay.com\/hu\/wp-json\/wp\/v2\/users\/1"}],"replies":[{"embeddable":true,"href":"https:\/\/pisdisplay.com\/hu\/wp-json\/wp\/v2\/comments?post=2439"}],"version-history":[{"count":55,"href":"https:\/\/pisdisplay.com\/hu\/wp-json\/wp\/v2\/pages\/2439\/revisions"}],"predecessor-version":[{"id":3469,"href":"https:\/\/pisdisplay.com\/hu\/wp-json\/wp\/v2\/pages\/2439\/revisions\/3469"}],"wp:attachment":[{"href":"https:\/\/pisdisplay.com\/hu\/wp-json\/wp\/v2\/media?parent=2439"}],"curies":[{"name":"wp","href":"https:\/\/api.w.org\/{rel}","templated":true}]}}