{"id":3,"date":"2025-11-04T09:11:37","date_gmt":"2025-11-04T09:11:37","guid":{"rendered":"http:\/\/pisdisplay.com\/?page_id=3"},"modified":"2026-01-13T10:25:55","modified_gmt":"2026-01-13T09:25:55","slug":"privacy-policy","status":"publish","type":"page","link":"https:\/\/pisdisplay.com\/hu\/privacy-policy\/","title":{"rendered":"Adatv\u00e9delmi ir\u00e1nyelvek"},"content":{"rendered":"<h2 class=\"wp-block-heading\">Kik vagyunk<\/h2>\n\n\n\n<p>Honlapunk c\u00edme: https:\/\/pisdisplay.com.<\/p>\n\n\n\n<h2 class=\"wp-block-heading\">Be\u00e1gyazott tartalom m\u00e1s webhelyekr\u0151l<\/h2>\n\n\n\n<p>Az oldalon tal\u00e1lhat\u00f3 cikkek tartalmazhatnak be\u00e1gyazott tartalmakat (pl. vide\u00f3kat, k\u00e9peket, cikkeket stb.). A m\u00e1s webhelyekr\u0151l sz\u00e1rmaz\u00f3 be\u00e1gyazott tartalom pontosan ugyan\u00fagy viselkedik, mintha a l\u00e1togat\u00f3 a m\u00e1sik webhelyet l\u00e1togatta volna meg.<\/p>\n\n\n\n<p>Ezek a webhelyek adatokat gy\u0171jthetnek \u00d6nr\u0151l, cookie-kat haszn\u00e1lhatnak, tov\u00e1bbi harmadik f\u00e9lt\u0151l sz\u00e1rmaz\u00f3 nyomk\u00f6vet\u00e9st \u00e1gyazhatnak be, \u00e9s nyomon k\u00f6vethetik az \u00d6n interakci\u00f3j\u00e1t a be\u00e1gyazott tartalommal, bele\u00e9rtve a be\u00e1gyazott tartalommal val\u00f3 interakci\u00f3j\u00e1nak nyomon k\u00f6vet\u00e9s\u00e9t, ha \u00d6n rendelkezik fi\u00f3kkal \u00e9s be van jelentkezve az adott webhelyre.<\/p>\n\n\n\n<h2 class=\"wp-block-heading\">\u00dczenetek \u00e9s megkeres\u00e9sek<\/h2>\n\n\n\n<p>Ha \u00fczenetet k\u00fcld nek\u00fcnk a kapcsolatfelv\u00e9teli \u0171rlapunkon kereszt\u00fcl vagy k\u00f6zvetlen\u00fcl e-mailben, akkor az \u00d6n \u00e1ltal megadott adatokat gy\u0171jtj\u00fck, bele\u00e9rtve az \u00d6n nev\u00e9t, e-mail c\u00edm\u00e9t \u00e9s az \u00fczenet\u00e9ben megadott egy\u00e9b adatokat. Ezeket az inform\u00e1ci\u00f3kat kiz\u00e1r\u00f3lag az \u00d6n megkeres\u00e9s\u00e9re t\u00f6rt\u00e9n\u0151 v\u00e1laszad\u00e1s vagy \u00fcgyf\u00e9lszolg\u00e1lat ny\u00fajt\u00e1sa c\u00e9lj\u00e1b\u00f3l haszn\u00e1ljuk fel. Ezeket az inform\u00e1ci\u00f3kat nem osztjuk meg harmadik felekkel, \u00e9s csak addig \u0151rizz\u00fck meg, am\u00edg az \u00d6n k\u00e9r\u00e9s\u00e9nek megv\u00e1laszol\u00e1s\u00e1hoz vagy bels\u0151 nyilv\u00e1ntart\u00e1sunkhoz sz\u00fcks\u00e9ges.<\/p>\n\n\n\n<h2 class=\"wp-block-heading\">Milyen jogai vannak az adatai felett<\/h2>\n\n\n\n<p>Ha \u00d6n \u00fczenetet k\u00fcld\u00f6tt nek\u00fcnk, k\u00e9rheti, hogy megkapja az \u00d6nr\u0151l t\u00e1rolt szem\u00e9lyes adatok export\u00e1lt f\u00e1jlj\u00e1t, bele\u00e9rtve az \u00d6n \u00e1ltal megadott adatokat is. Azt is k\u00e9rheti, hogy t\u00f6r\u00f6lj\u00fck az \u00d6nr\u0151l t\u00e1rolt szem\u00e9lyes adatait. Ez nem vonatkozik azokra az adatokra, amelyeket adminisztrat\u00edv, jogi vagy biztons\u00e1gi okokb\u00f3l vagyunk k\u00f6telesek meg\u0151rizni.<\/p>\n\n\n\n<h2 class=\"wp-block-heading\">Hov\u00e1 ker\u00fclnek az \u00d6n adatai<\/h2>\n\n\n\n<p>A l\u00e1togat\u00f3k kapcsolat \u0171rlapon elk\u00fcld\u00f6tt \u00fczeneteit egy automatiz\u00e1lt spam-felismer\u0151 szolg\u00e1ltat\u00e1s ellen\u0151rizheti.<\/p>","protected":false},"excerpt":{"rendered":"<p>Who we are Our website address is: http:\/\/pisdisplay.com. Embedded content from other websites Articles on this site may include embedded content (e.g. videos, images, articles, etc.). Embedded content from other websites behaves in the exact same way as if the visitor has visited the other website. These websites may collect data about you, use cookies, [&hellip;]<\/p>\n","protected":false},"author":1,"featured_media":0,"parent":0,"menu_order":0,"comment_status":"closed","ping_status":"open","template":"","meta":{"_uag_custom_page_level_css":"","site-sidebar-layout":"default","site-content-layout":"","ast-site-content-layout":"default","site-content-style":"default","site-sidebar-style":"default","ast-global-header-display":"","ast-banner-title-visibility":"","ast-main-header-display":"","ast-hfb-above-header-display":"","ast-hfb-below-header-display":"","ast-hfb-mobile-header-display":"","site-post-title":"","ast-breadcrumbs-content":"","ast-featured-img":"","footer-sml-layout":"","ast-disable-related-posts":"","theme-transparent-header-meta":"","adv-header-id-meta":"","stick-header-meta":"","header-above-stick-meta":"","header-main-stick-meta":"","header-below-stick-meta":"","astra-migrate-meta-layouts":"set","ast-page-background-enabled":"default","ast-page-background-meta":{"desktop":{"background-color":"","background-image":"","background-repeat":"repeat","background-position":"center center","background-size":"auto","background-attachment":"scroll","background-type":"","background-media":"","overlay-type":"","overlay-color":"","overlay-opacity":"","overlay-gradient":""},"tablet":{"background-color":"","background-image":"","background-repeat":"repeat","background-position":"center center","background-size":"auto","background-attachment":"scroll","background-type":"","background-media":"","overlay-type":"","overlay-color":"","overlay-opacity":"","overlay-gradient":""},"mobile":{"background-color":"","background-image":"","background-repeat":"repeat","background-position":"center center","background-size":"auto","background-attachment":"scroll","background-type":"","background-media":"","overlay-type":"","overlay-color":"","overlay-opacity":"","overlay-gradient":""}},"ast-content-background-meta":{"desktop":{"background-color":"var(--ast-global-color-5)","background-image":"","background-repeat":"repeat","background-position":"center center","background-size":"auto","background-attachment":"scroll","background-type":"","background-media":"","overlay-type":"","overlay-color":"","overlay-opacity":"","overlay-gradient":""},"tablet":{"background-color":"var(--ast-global-color-5)","background-image":"","background-repeat":"repeat","background-position":"center center","background-size":"auto","background-attachment":"scroll","background-type":"","background-media":"","overlay-type":"","overlay-color":"","overlay-opacity":"","overlay-gradient":""},"mobile":{"background-color":"var(--ast-global-color-5)","background-image":"","background-repeat":"repeat","background-position":"center center","background-size":"auto","background-attachment":"scroll","background-type":"","background-media":"","overlay-type":"","overlay-color":"","overlay-opacity":"","overlay-gradient":""}},"footnotes":""},"class_list":["post-3","page","type-page","status-publish","hentry"],"aioseo_notices":[],"_hostinger_reach_plugin_has_subscription_block":false,"_hostinger_reach_plugin_is_elementor":false,"uagb_featured_image_src":{"full":false,"thumbnail":false,"medium":false,"medium_large":false,"large":false,"1536x1536":false,"2048x2048":false,"trp-custom-language-flag":false},"uagb_author_info":{"display_name":"mark.meszaros@anrogravitas.com","author_link":"https:\/\/pisdisplay.com\/hu\/author\/mark-meszarosanrogravitas-com\/"},"uagb_comment_info":0,"uagb_excerpt":"Who we are Our website address is: http:\/\/pisdisplay.com. Embedded content from other websites Articles on this site may include embedded content (e.g. videos, images, articles, etc.). Embedded content from other websites behaves in the exact same way as if the visitor has visited the other website. These websites may collect data about you, use cookies,&hellip;","_links":{"self":[{"href":"https:\/\/pisdisplay.com\/hu\/wp-json\/wp\/v2\/pages\/3","targetHints":{"allow":["GET"]}}],"collection":[{"href":"https:\/\/pisdisplay.com\/hu\/wp-json\/wp\/v2\/pages"}],"about":[{"href":"https:\/\/pisdisplay.com\/hu\/wp-json\/wp\/v2\/types\/page"}],"author":[{"embeddable":true,"href":"https:\/\/pisdisplay.com\/hu\/wp-json\/wp\/v2\/users\/1"}],"replies":[{"embeddable":true,"href":"https:\/\/pisdisplay.com\/hu\/wp-json\/wp\/v2\/comments?post=3"}],"version-history":[{"count":5,"href":"https:\/\/pisdisplay.com\/hu\/wp-json\/wp\/v2\/pages\/3\/revisions"}],"predecessor-version":[{"id":3106,"href":"https:\/\/pisdisplay.com\/hu\/wp-json\/wp\/v2\/pages\/3\/revisions\/3106"}],"wp:attachment":[{"href":"https:\/\/pisdisplay.com\/hu\/wp-json\/wp\/v2\/media?parent=3"}],"curies":[{"name":"wp","href":"https:\/\/api.w.org\/{rel}","templated":true}]}}