{"id":320,"date":"2025-11-04T09:13:00","date_gmt":"2025-11-04T09:13:00","guid":{"rendered":"http:\/\/pisdisplay.com\/home\/"},"modified":"2026-03-24T08:52:01","modified_gmt":"2026-03-24T07:52:01","slug":"home","status":"publish","type":"page","link":"https:\/\/pisdisplay.com\/hu\/","title":{"rendered":"F\u0151oldal"},"content":{"rendered":"<div class=\"wp-block-uagb-container uagb-block-b6292f26 alignfull uagb-is-root-container\"><div class=\"uagb-container__video-wrap\"><video autoplay loop muted playsinline><source src=\"https:\/\/pisdisplay.com\/wp-content\/uploads\/2026\/01\/anro_gravitas_v2_final-7s-cut-2.mp4\" type=\"video\/mp4\"\/><\/video><\/div><div class=\"uagb-container-inner-blocks-wrap\">\n<div class=\"wp-block-uagb-info-box uagb-block-f2f5b4e6 uagb-infobox__content-wrap  uagb-infobox-icon-below-title uagb-infobox-image-valign-top wp-block-uagb-info-box--has-margin\"><div class=\"uagb-infobox-margin-wrapper\"><div class=\"uagb-ifb-content\"><div class=\"uagb-ifb-title-wrap\"><h5 class=\"uagb-ifb-title-prefix\"><em>Szeretn\u00e9 jav\u00edtani a k\u00f6zleked\u00e9si \u00e9lm\u00e9nyt?<\/em><\/h5><h1 class=\"uagb-ifb-title translation-block\">Fedezze fel <strong><strong>kiv\u00e1l\u00f3 min\u0151s\u00e9g\u0171<\/strong><\/strong> kijelz\u0151inket, amelyek <strong>megb\u00edzhat\u00f3s\u00e1gra<\/strong> lettek tervezve, b\u00e1rmilyen k\u00f6rnyezetben.<\/h1><\/div><\/div><\/div><\/div>\n\n\n      \n\t\t\t<div class=\"uagb-icon-wrapper uagb-block-745da14c\"\n\t\t\tstyle=\"\" >\n\t\t\t\t\t\t\t\t\t<span class=\"uagb-svg-wrapper\" \n\t\t\t\t\t aria-label=\"circle-arrow-down\"\t\t\t\t\ttabindex=\"0\">\t\t\n\t\t\t\t\t\t\t\t\t\t<a rel=\"noopener noreferrer\" href=\"https:\/\/pisdisplay.com\/hu\/#home-product-display\" target=\"_self\"><svg xmlns=\"https:\/\/www.w3.org\/2000\/svg\" viewbox= \"0 0 512 512\" role=\"graphics-symbol\" aria-hidden=\"false\" aria-label=\"\"><path d=\"M256 0C114.6 0 0 114.6 0 256c0 141.4 114.6 256 256 256s256-114.6 256-256C512 114.6 397.4 0 256 0zM382.6 302.6l-103.1 103.1C270.7 414.6 260.9 416 256 416c-4.881 0-14.65-1.391-22.65-9.398L129.4 302.6c-12.5-12.5-12.5-32.75 0-45.25s32.75-12.5 45.25 0L224 306.8V128c0-17.69 14.33-32 32-32s32 14.31 32 32v178.8l49.38-49.38c12.5-12.5 32.75-12.5 45.25 0S395.1 290.1 382.6 302.6z\"><\/path><\/svg><\/a>\n\t\t\t\t\t\t\t\t\t<\/span>\n\t\t\t\t\t\t\t<\/div>\n\t\t\t<\/div><\/div>\n\n\n\n<div class=\"wp-block-uagb-container uagb-layout-grid uagb-block-79703010 alignfull uagb-is-root-container\"><div class=\"uagb-container-inner-blocks-wrap\">\n<div id=\"home-product-display\" class=\"wp-block-uagb-container uagb-layout-flex uagb-block-6f168862 alignfull uagb-is-root-container\"><div class=\"uagb-container-inner-blocks-wrap\">\n<div class=\"wp-block-uagb-container uagb-block-ce6689d5\">      \n\t\t\t<div class=\"uagb-icon-wrapper uagb-block-385ecb79\"\n\t\t\tstyle=\"\" >\n\t\t\t\t\t\t\t\t\t<span class=\"uagb-svg-wrapper\" \n\t\t\t\t\t aria-label=\"display\"\t\t\t\t\ttabindex=\"0\">\t\t\n\t\t\t\t\t\t\t\t\t\t<svg xmlns=\"https:\/\/www.w3.org\/2000\/svg\" viewbox= \"0 0 576 512\" role=\"graphics-symbol\" aria-hidden=\"false\" aria-label=\"\"><path d=\"M528 0h-480C21.5 0 0 21.5 0 48v320C0 394.5 21.5 416 48 416h192L224 464H152C138.8 464 128 474.8 128 488S138.8 512 152 512h272c13.25 0 24-10.75 24-24s-10.75-24-24-24H352L336 416h192c26.5 0 48-21.5 48-48v-320C576 21.5 554.5 0 528 0zM512 352H64V64h448V352z\"><\/path><\/svg>\n\t\t\t\t\t\t\t\t\t<\/span>\n\t\t\t\t\t\t\t<\/div>\n\t\t\t\n\n\n<div class=\"wp-block-uagb-info-box uagb-block-168334d6 uagb-infobox__content-wrap  uagb-infobox-icon-above-title uagb-infobox-image-valign-top wp-block-uagb-info-box--has-margin\"><div class=\"uagb-infobox-margin-wrapper\"><div class=\"uagb-ifb-content\"><div class=\"uagb-ifb-title-wrap\"><h4 class=\"uagb-ifb-title\">Kijelz\u0151k<\/h4><\/div><p class=\"uagb-ifb-desc\"><a href=\"http:\/\/pisdisplay.com\/hu\/displays\/\">Tov\u00e1bbi Inf\u00f3 \u27a4<\/a><\/p><\/div><\/div><\/div>\n<\/div>\n\n\n\n<div class=\"wp-block-uagb-container uagb-block-12834130\">      \n\t\t\t<div class=\"uagb-icon-wrapper uagb-block-9b22a294\"\n\t\t\tstyle=\"\" >\n\t\t\t\t\t\t\t\t\t<span class=\"uagb-svg-wrapper\" \n\t\t\t\t\t aria-label=\"display\"\t\t\t\t\ttabindex=\"0\">\t\t\n\t\t\t\t\t\t\t\t\t\t<svg xmlns=\"https:\/\/www.w3.org\/2000\/svg\" viewbox= \"0 0 576 512\" role=\"graphics-symbol\" aria-hidden=\"false\" aria-label=\"\"><path d=\"M528 0h-480C21.5 0 0 21.5 0 48v320C0 394.5 21.5 416 48 416h192L224 464H152C138.8 464 128 474.8 128 488S138.8 512 152 512h272c13.25 0 24-10.75 24-24s-10.75-24-24-24H352L336 416h192c26.5 0 48-21.5 48-48v-320C576 21.5 554.5 0 528 0zM512 352H64V64h448V352z\"><\/path><\/svg>\n\t\t\t\t\t\t\t\t\t<\/span>\n\t\t\t\t\t\t\t<\/div>\n\t\t\t\n\n\n<div class=\"wp-block-uagb-info-box uagb-block-2c16cc59 uagb-infobox__content-wrap  uagb-infobox-icon-above-title uagb-infobox-image-valign-top wp-block-uagb-info-box--has-margin\"><div class=\"uagb-infobox-margin-wrapper\"><div class=\"uagb-ifb-content\"><div class=\"uagb-ifb-title-wrap\"><h4 class=\"uagb-ifb-title\">Kijelz\u0151 Fel\u00faj\u00edt\u00e1s<\/h4><\/div><p class=\"uagb-ifb-desc\"><a href=\"http:\/\/pisdisplay.com\/hu\/display-renewing\/\" title=\"\">Tov\u00e1bbi Inf\u00f3 \u27a4<\/a><\/p><\/div><\/div><\/div>\n<\/div>\n\n\n\n<div class=\"wp-block-uagb-container uagb-block-9bfa770b\">      \n\t\t\t<div class=\"uagb-icon-wrapper uagb-block-dd48efbc\"\n\t\t\tstyle=\"\" >\n\t\t\t\t\t\t\t\t\t<span class=\"uagb-svg-wrapper\" \n\t\t\t\t\t aria-label=\"display\"\t\t\t\t\ttabindex=\"0\">\t\t\n\t\t\t\t\t\t\t\t\t\t<svg xmlns=\"https:\/\/www.w3.org\/2000\/svg\" viewbox= \"0 0 576 512\" role=\"graphics-symbol\" aria-hidden=\"false\" aria-label=\"\"><path d=\"M528 0h-480C21.5 0 0 21.5 0 48v320C0 394.5 21.5 416 48 416h192L224 464H152C138.8 464 128 474.8 128 488S138.8 512 152 512h272c13.25 0 24-10.75 24-24s-10.75-24-24-24H352L336 416h192c26.5 0 48-21.5 48-48v-320C576 21.5 554.5 0 528 0zM512 352H64V64h448V352z\"><\/path><\/svg>\n\t\t\t\t\t\t\t\t\t<\/span>\n\t\t\t\t\t\t\t<\/div>\n\t\t\t\n\n\n<div class=\"wp-block-uagb-info-box uagb-block-4e1fe9ae uagb-infobox__content-wrap  uagb-infobox-icon-above-title uagb-infobox-image-valign-top wp-block-uagb-info-box--has-margin\"><div class=\"uagb-infobox-margin-wrapper\"><div class=\"uagb-ifb-content\"><div class=\"uagb-ifb-title-wrap\"><h4 class=\"uagb-ifb-title\">Vas\u00fati Berendez\u00e9sek<\/h4><\/div><p class=\"uagb-ifb-desc\"><a href=\"https:\/\/pisdisplay.com\/hu\/railway-equipment\/\" data-type=\"page\" data-id=\"2439\">Tov\u00e1bbi Inf\u00f3 \u27a4<\/a><\/p><\/div><\/div><\/div>\n<\/div>\n\n\n\n<div class=\"wp-block-uagb-container uagb-block-2f56953f\">      \n\t\t\t<div class=\"uagb-icon-wrapper uagb-block-b177cd00\"\n\t\t\tstyle=\"\" >\n\t\t\t\t\t\t\t\t\t<span class=\"uagb-svg-wrapper\" \n\t\t\t\t\t aria-label=\"display\"\t\t\t\t\ttabindex=\"0\">\t\t\n\t\t\t\t\t\t\t\t\t\t<svg xmlns=\"https:\/\/www.w3.org\/2000\/svg\" viewbox= \"0 0 576 512\" role=\"graphics-symbol\" aria-hidden=\"false\" aria-label=\"\"><path d=\"M528 0h-480C21.5 0 0 21.5 0 48v320C0 394.5 21.5 416 48 416h192L224 464H152C138.8 464 128 474.8 128 488S138.8 512 152 512h272c13.25 0 24-10.75 24-24s-10.75-24-24-24H352L336 416h192c26.5 0 48-21.5 48-48v-320C576 21.5 554.5 0 528 0zM512 352H64V64h448V352z\"><\/path><\/svg>\n\t\t\t\t\t\t\t\t\t<\/span>\n\t\t\t\t\t\t\t<\/div>\n\t\t\t\n\n\n<div class=\"wp-block-uagb-info-box uagb-block-45476fc0 uagb-infobox__content-wrap  uagb-infobox-icon-above-title uagb-infobox-image-valign-top wp-block-uagb-info-box--has-margin\"><div class=\"uagb-infobox-margin-wrapper\"><div class=\"uagb-ifb-content\"><div class=\"uagb-ifb-title-wrap\"><h4 class=\"uagb-ifb-title\">Egyedi Fejleszt\u00e9s<\/h4><\/div><p class=\"uagb-ifb-desc\"><a href=\"http:\/\/pisdisplay.com\/hu\/custom-development\/\" title=\"\">Tov\u00e1bbi Inf\u00f3 \u27a4<\/a><\/p><\/div><\/div><\/div>\n<\/div>\n<\/div><\/div>\n<\/div><\/div>\n\n\n\n<div class=\"wp-block-uagb-container uagb-block-41a95a09 alignfull uagb-is-root-container\"><div class=\"uagb-container-inner-blocks-wrap\">\n<div class=\"wp-block-uagb-container uagb-block-baf758eb\">\n<div class=\"wp-block-uagb-info-box uagb-block-fac721c4 uagb-infobox__content-wrap  uagb-infobox-icon-above-title uagb-infobox-image-valign-top wp-block-uagb-info-box--has-margin\"><div class=\"uagb-infobox-margin-wrapper\"><div class=\"uagb-ifb-content\"><div class=\"uagb-ifb-title-wrap\"><h2 class=\"uagb-ifb-title-prefix\">Hogyan m\u0171k\u00f6dik az eg\u00e9sz?<\/h2><h5 class=\"uagb-ifb-title\">C\u00e9lunk: maxim\u00e1lis hat\u00e9konys\u00e1g, minim\u00e1lis k\u00f6lts\u00e9g.<\/h5><\/div><div class=\"uagb-ifb-separator\"><\/div><\/div><\/div><\/div>\n<\/div>\n\n\n\n<div class=\"wp-block-uagb-container uagb-block-fb309241\"><\/div>\n\n\n\n<div class=\"wp-block-uagb-container uagb-block-410678d1\">\n<div class=\"wp-block-uagb-container uagb-block-550d7166 alignfull uagb-is-root-container\"><div class=\"uagb-container-inner-blocks-wrap\">\n<div class=\"wp-block-uagb-container uagb-layout-flex uagb-block-ba1c2240\">\n<div class=\"wp-block-uagb-advanced-heading uagb-block-cd774301\"><h2 class=\"uagb-heading-text\">1<\/h2><\/div>\n<\/div>\n\n\n\n<div class=\"wp-block-uagb-advanced-heading uagb-block-3d032ec9\"><h4 class=\"uagb-heading-text\">Meg\u00e9rtj\u00fck az \u00d6n c\u00e9ljait<\/h4><p class=\"uagb-desc-text\">Minden projekt egy besz\u00e9lget\u00e9ssel kezd\u0151dik \u2014 mondja el az ig\u00e9nyeit, mi pedig megtal\u00e1ljuk a m\u00f3dj\u00e1t, hogy azt megval\u00f3s\u00edtsuk.<br><\/p><\/div>\n<\/div><\/div>\n\n\n\n<div class=\"wp-block-uagb-container uagb-block-db617ec9 alignfull uagb-is-root-container\"><div class=\"uagb-container-inner-blocks-wrap\">\n<div class=\"wp-block-uagb-container uagb-layout-flex uagb-block-aa97d891\">\n<div class=\"wp-block-uagb-advanced-heading uagb-block-a9b3375b\"><h2 class=\"uagb-heading-text\">2<\/h2><\/div>\n<\/div>\n\n\n\n<div class=\"wp-block-uagb-advanced-heading uagb-block-283b35b7\"><h4 class=\"uagb-heading-text\">\u00c1tadjuk a megold\u00e1st<\/h4><p class=\"uagb-desc-text\">A tervez\u00e9st\u0151l a telep\u00edt\u00e9sig biztos\u00edtjuk, hogy kijelz\u0151i t\u00f6k\u00e9letesen m\u0171k\u00f6djenek \u00e9s kiv\u00e1l\u00f3an mutassanak.<br><\/p><\/div>\n<\/div><\/div>\n\n\n\n<div class=\"wp-block-uagb-container uagb-block-a72a4f70 alignfull uagb-is-root-container\"><div class=\"uagb-container-inner-blocks-wrap\">\n<div class=\"wp-block-uagb-container uagb-layout-flex uagb-block-b4f4b17e\">\n<div class=\"wp-block-uagb-advanced-heading uagb-block-530d521d\"><h2 class=\"uagb-heading-text\">3<\/h2><\/div>\n<\/div>\n\n\n\n<div class=\"wp-block-uagb-advanced-heading uagb-block-913a31a0\"><h4 class=\"uagb-heading-text\">Hossz\u00fa t\u00e1von egy\u00fcttm\u0171k\u00f6d\u00fcnk<\/h4><p class=\"uagb-desc-text\">Sz\u00e1m\u00edthat r\u00e1nk megb\u00edzhat\u00f3 t\u00e1mogat\u00e1ssal \u00e9s karbantart\u00e1ssal, hogy minden z\u00f6kken\u0151mentesen m\u0171k\u00f6dj\u00f6n.<\/p><\/div>\n<\/div><\/div>\n<\/div>\n<\/div><\/div>\n\n\n\n<div class=\"wp-block-uagb-container uagb-block-4cd59686 alignfull uagb-is-root-container\"><div class=\"uagb-container-inner-blocks-wrap\">\n<div class=\"wp-block-uagb-container uagb-block-969bde6b default uagb-is-root-container\">\n<div class=\"wp-block-uagb-container uagb-block-69e5c825\">\n<div class=\"wp-block-uagb-info-box uagb-block-56743845 uagb-infobox__content-wrap  uagb-infobox-icon-above-title uagb-infobox-image-valign-top wp-block-uagb-info-box--has-margin\"><div class=\"uagb-infobox-margin-wrapper\"><div class=\"uagb-ifb-content\"><div class=\"uagb-ifb-title-wrap\"><h6 class=\"uagb-ifb-title-prefix\">Mi\u00e9rt mi?<\/h6><h3 class=\"uagb-ifb-title\"><strong>Mi\u00e9rt V\u00e1lassza az Anro Gravitas-t?<\/strong><\/h3><\/div><\/div><\/div><\/div>\n\n\n\n<div class=\"wp-block-uagb-info-box uagb-block-e6315b52 uagb-infobox__content-wrap  uagb-infobox-icon-left uagb-infobox-left uagb-infobox-image-valign-top wp-block-uagb-info-box--has-margin\"><div class=\"uagb-infobox-margin-wrapper\"><div class=\"uagb-ifb-icon-wrap\"><svg xmlns=\"https:\/\/www.w3.org\/2000\/svg\" viewbox=\"0 0 384 512\"><path d=\"M374.6 310.6l-160 160C208.4 476.9 200.2 480 192 480s-16.38-3.125-22.62-9.375l-160-160c-12.5-12.5-12.5-32.75 0-45.25s32.75-12.5 45.25 0L160 370.8V64c0-17.69 14.33-31.1 31.1-31.1S224 46.31 224 64v306.8l105.4-105.4c12.5-12.5 32.75-12.5 45.25 0S387.1 298.1 374.6 310.6z\"><\/path><\/svg><\/div><div class=\"uagb-ifb-content\"><div class=\"uagb-ifb-title-wrap\"><h4 class=\"uagb-ifb-title\">Szem\u00e9lyre Szabva<\/h4><\/div><p class=\"uagb-ifb-desc\">Egyedi kijelz\u0151megold\u00e1sokat fejleszt\u00fcnk, amelyek t\u00f6k\u00e9letesen megfelelnek a projekt k\u00f6vetelm\u00e9nyeinek, biztos\u00edtva a z\u00f6kken\u0151mentes integr\u00e1ci\u00f3t \u00e9s teljes\u00edtm\u00e9nyt.<\/p><\/div><\/div><\/div>\n\n\n\n<div class=\"wp-block-uagb-info-box uagb-block-09111937 uagb-infobox__content-wrap  uagb-infobox-icon-left uagb-infobox-left uagb-infobox-image-valign-top\"><div class=\"uagb-ifb-icon-wrap\"><svg xmlns=\"https:\/\/www.w3.org\/2000\/svg\" viewbox=\"0 0 384 512\"><path d=\"M374.6 310.6l-160 160C208.4 476.9 200.2 480 192 480s-16.38-3.125-22.62-9.375l-160-160c-12.5-12.5-12.5-32.75 0-45.25s32.75-12.5 45.25 0L160 370.8V64c0-17.69 14.33-31.1 31.1-31.1S224 46.31 224 64v306.8l105.4-105.4c12.5-12.5 32.75-12.5 45.25 0S387.1 298.1 374.6 310.6z\"><\/path><\/svg><\/div><div class=\"uagb-ifb-content\"><div class=\"uagb-ifb-title-wrap\"><h4 class=\"uagb-ifb-title\">Rugalmass\u00e1g \u00e9s Alkalmazkod\u00e1s<\/h4><\/div><p class=\"uagb-ifb-desc\">Rendszereink \u00fagy vannak tervezve, hogy k\u00f6nnyen alkalmazkodjanak \u00e9s sk\u00e1l\u00e1zhat\u00f3k legyenek b\u00e1rmilyen k\u00f6rnyezetben.<\/p><\/div><\/div>\n\n\n\n<div class=\"wp-block-uagb-info-box uagb-block-8581b462 uagb-infobox__content-wrap  uagb-infobox-icon-left uagb-infobox-left uagb-infobox-image-valign-top\"><div class=\"uagb-ifb-icon-wrap\"><svg xmlns=\"https:\/\/www.w3.org\/2000\/svg\" viewbox=\"0 0 384 512\"><path d=\"M374.6 310.6l-160 160C208.4 476.9 200.2 480 192 480s-16.38-3.125-22.62-9.375l-160-160c-12.5-12.5-12.5-32.75 0-45.25s32.75-12.5 45.25 0L160 370.8V64c0-17.69 14.33-31.1 31.1-31.1S224 46.31 224 64v306.8l105.4-105.4c12.5-12.5 32.75-12.5 45.25 0S387.1 298.1 374.6 310.6z\"><\/path><\/svg><\/div><div class=\"uagb-ifb-content\"><div class=\"uagb-ifb-title-wrap\"><h4 class=\"uagb-ifb-title\">Megb\u00edzhat\u00f3 T\u00e1mogat\u00e1s<\/h4><\/div><p class=\"uagb-ifb-desc\">A koncepci\u00f3t\u00f3l a karbantart\u00e1sig szak\u00e9rt\u0151i csapatunk megb\u00edzhat\u00f3 szolg\u00e1ltat\u00e1st \u00e9s hossz\u00fa t\u00e1v\u00fa megb\u00edzhat\u00f3s\u00e1got biztos\u00edt.<\/p><\/div><\/div>\n<\/div>\n\n\n\n<div class=\"wp-block-uagb-container uagb-block-31faa7bf\">\n<div class=\"wp-block-uagb-advanced-heading uagb-block-6a829578\"><h6 class=\"uagb-heading-text\">R\u00f3lunk<\/h6><\/div>\n\n\n\n<div class=\"wp-block-uagb-info-box uagb-block-54d50946 uagb-infobox__content-wrap  uagb-infobox-icon-above-title uagb-infobox-image-valign-top wp-block-uagb-info-box--has-margin\"><div class=\"uagb-infobox-margin-wrapper\"><div class=\"uagb-ifb-content\"><div class=\"uagb-ifb-title-wrap\"><h2 class=\"uagb-ifb-title-prefix\">Megb\u00edzhat\u00f3, innovat\u00edv \u00e9s eredm\u00e9nyorient\u00e1lt<\/h2><h6 class=\"uagb-ifb-title\"><strong>Az Anro Gravitas Kft. csapata komplex kijelz\u0151rendszerek tervez\u00e9s\u00e9ben, fejleszt\u00e9s\u00e9ben \u00e9s karbantart\u00e1s\u00e1ban ny\u00fajt seg\u00edts\u00e9get. Sokoldal\u00fa \u00e9s m\u00e9lyrehat\u00f3 szak\u00e9rtelm\u00fcnknek k\u00f6sz\u00f6nhet\u0151en \u00fcgyfeleinknek hat\u00e9kony \u00e9s megb\u00edzhat\u00f3, ig\u00e9nyeikre szabott kijelz\u0151megold\u00e1sokat k\u00edn\u00e1lunk.<\/strong><\/h6><\/div><div class=\"uagb-ifb-button-wrapper wp-block-button\"><a href=\"\/hu\/pisdisplay.com\/about\/\" class=\"uagb-infobox-cta-link wp-block-button__link\" target=\"_self\" rel=\"noopener noreferrer\" onclick=\"return true;\"><span class=\"uagb-inline-editing\">Tov\u00e1bbi Info<\/span><\/a><\/div><\/div><\/div><\/div>\n<\/div>\n<\/div>\n\n\n\n<div class=\"wp-block-group uag-hide-tab uag-hide-mob is-nowrap is-layout-flex wp-container-core-group-is-layout-6c531013 wp-block-group-is-layout-flex\">\n<div class=\"wp-block-uagb-container partner-logo-container uag-hide-tab uag-hide-mob uagb-layout-flex uagb-block-a30224c0 default uagb-is-root-container\">\n<figure class=\"wp-block-image alignright size-large is-resized wp-duotone-grayscale\" style=\"margin-right:10px;margin-left:21px\"><a href=\"https:\/\/www.ovf.hu\/\" target=\"_blank\" rel=\" noreferrer noopener\"><img loading=\"lazy\" decoding=\"async\" width=\"542\" height=\"545\" src=\"https:\/\/pisdisplay.com\/wp-content\/uploads\/2025\/11\/ovf_logo-e1746794408590.webp\" alt=\"\" class=\"wp-image-2215\" style=\"width:98px;height:auto\" srcset=\"https:\/\/pisdisplay.com\/wp-content\/uploads\/2025\/11\/ovf_logo-e1746794408590.webp 542w, https:\/\/pisdisplay.com\/wp-content\/uploads\/2025\/11\/ovf_logo-e1746794408590-298x300.webp 298w, https:\/\/pisdisplay.com\/wp-content\/uploads\/2025\/11\/ovf_logo-e1746794408590-150x150.webp 150w\" sizes=\"auto, (max-width: 542px) 100vw, 542px\" \/><\/a><\/figure>\n\n\n\n<figure class=\"wp-block-image size-full is-resized wp-duotone-grayscale\" style=\"margin-right:-20px;margin-left:-30px\"><a href=\"https:\/\/www.mavcsoport.hu\/\" target=\"_blank\" rel=\" noreferrer noopener\"><img loading=\"lazy\" decoding=\"async\" width=\"328\" height=\"301\" src=\"https:\/\/pisdisplay.com\/wp-content\/uploads\/2025\/11\/post_mav.jpg\" alt=\"\" class=\"wp-image-2227\" style=\"width:108px;height:auto\" srcset=\"https:\/\/pisdisplay.com\/wp-content\/uploads\/2025\/11\/post_mav.jpg 328w, https:\/\/pisdisplay.com\/wp-content\/uploads\/2025\/11\/post_mav-300x275.jpg 300w\" sizes=\"auto, (max-width: 328px) 100vw, 328px\" \/><\/a><\/figure>\n\n\n\n<figure class=\"wp-block-image size-full is-resized wp-duotone-grayscale\" style=\"margin-right:0;margin-left:0px\"><a href=\"https:\/\/www.schauer.hu\/\" target=\"_blank\" rel=\" noreferrer noopener\"><img loading=\"lazy\" decoding=\"async\" width=\"320\" height=\"71\" src=\"https:\/\/pisdisplay.com\/wp-content\/uploads\/2026\/01\/schauer_logo.png\" alt=\"\" class=\"wp-image-2800\" style=\"aspect-ratio:4.511096605744125;width:239px;height:auto\" srcset=\"https:\/\/pisdisplay.com\/wp-content\/uploads\/2026\/01\/schauer_logo.png 320w, https:\/\/pisdisplay.com\/wp-content\/uploads\/2026\/01\/schauer_logo-300x67.png 300w, https:\/\/pisdisplay.com\/wp-content\/uploads\/2026\/01\/schauer_logo-18x4.png 18w\" sizes=\"auto, (max-width: 320px) 100vw, 320px\" \/><\/a><\/figure>\n<\/div>\n<\/div>\n<\/div><\/div>\n\n\n\n<div class=\"wp-block-uagb-container contact-us-container uagb-block-5028a064 alignfull uagb-is-root-container\"><div class=\"uagb-container-inner-blocks-wrap\">\n<div class=\"wp-block-uagb-container uagb-block-3302537b\">\n<div class=\"wp-block-uagb-info-box uagb-block-60f46c42 uagb-infobox__content-wrap  uagb-infobox-icon-above-title uagb-infobox-image-valign-top wp-block-uagb-info-box--has-margin contact-us-info-box\"><div class=\"uagb-infobox-margin-wrapper\"><div class=\"uagb-ifb-content\"><div class=\"uagb-ifb-title-wrap\"><h5 class=\"uagb-ifb-title-prefix\">\u00c9rdeklik a megold\u00e1saink?<\/h5><h3 class=\"uagb-ifb-title\">L\u00e9pjen kapcsolatba m\u00e9g ma!<\/h3><\/div><div class=\"uagb-ifb-button-wrapper wp-block-button\"><a href=\"\/hu\/pisdisplay.com\/contact\/\" class=\"uagb-infobox-cta-link wp-block-button__link\" target=\"_self\" rel=\"noopener noreferrer\" onclick=\"return true;\"><span class=\"uagb-inline-editing\">\u00dczenet K\u00fcld\u00e9se<\/span><\/a><\/div><\/div><\/div><\/div>\n<\/div>\n<\/div><\/div>\n\n\n\n<p><\/p>","protected":false},"excerpt":{"rendered":"<p>1 We understand your goals Every project starts with a conversation \u2014 we learn what you need and how we can best support it. 2 We deliver the solution From design to installation, we make sure your displays work perfectly and look great. 3 We\u2019re here for the long run Count on us for reliable [&hellip;]<\/p>\n","protected":false},"author":1,"featured_media":0,"parent":0,"menu_order":0,"comment_status":"closed","ping_status":"closed","template":"","meta":{"_uag_custom_page_level_css":"","site-sidebar-layout":"no-sidebar","site-content-layout":"page-builder","ast-site-content-layout":"full-width-container","site-content-style":"unboxed","site-sidebar-style":"unboxed","ast-global-header-display":"","ast-banner-title-visibility":"","ast-main-header-display":"","ast-hfb-above-header-display":"","ast-hfb-below-header-display":"","ast-hfb-mobile-header-display":"","site-post-title":"disabled","ast-breadcrumbs-content":"","ast-featured-img":"disabled","footer-sml-layout":"","ast-disable-related-posts":"","theme-transparent-header-meta":"enabled","adv-header-id-meta":"","stick-header-meta":"","header-above-stick-meta":"","header-main-stick-meta":"","header-below-stick-meta":"","astra-migrate-meta-layouts":"set","ast-page-background-enabled":"default","ast-page-background-meta":{"desktop":{"background-color":"","background-image":"","background-repeat":"repeat","background-position":"center center","background-size":"auto","background-attachment":"scroll","background-type":"","background-media":"","overlay-type":"","overlay-color":"","overlay-opacity":"","overlay-gradient":""},"tablet":{"background-color":"","background-image":"","background-repeat":"repeat","background-position":"center center","background-size":"auto","background-attachment":"scroll","background-type":"","background-media":"","overlay-type":"","overlay-color":"","overlay-opacity":"","overlay-gradient":""},"mobile":{"background-color":"","background-image":"","background-repeat":"repeat","background-position":"center center","background-size":"auto","background-attachment":"scroll","background-type":"","background-media":"","overlay-type":"","overlay-color":"","overlay-opacity":"","overlay-gradient":""}},"ast-content-background-meta":{"desktop":{"background-color":"var(--ast-global-color-5)","background-image":"","background-repeat":"repeat","background-position":"center center","background-size":"auto","background-attachment":"scroll","background-type":"","background-media":"","overlay-type":"","overlay-color":"","overlay-opacity":"","overlay-gradient":""},"tablet":{"background-color":"var(--ast-global-color-5)","background-image":"","background-repeat":"repeat","background-position":"center center","background-size":"auto","background-attachment":"scroll","background-type":"","background-media":"","overlay-type":"","overlay-color":"","overlay-opacity":"","overlay-gradient":""},"mobile":{"background-color":"var(--ast-global-color-5)","background-image":"","background-repeat":"repeat","background-position":"center center","background-size":"auto","background-attachment":"scroll","background-type":"","background-media":"","overlay-type":"","overlay-color":"","overlay-opacity":"","overlay-gradient":""}},"footnotes":""},"class_list":["post-320","page","type-page","status-publish","hentry"],"aioseo_notices":[],"_hostinger_reach_plugin_has_subscription_block":false,"_hostinger_reach_plugin_is_elementor":false,"uagb_featured_image_src":{"full":false,"thumbnail":false,"medium":false,"medium_large":false,"large":false,"1536x1536":false,"2048x2048":false,"trp-custom-language-flag":false},"uagb_author_info":{"display_name":"mark.meszaros@anrogravitas.com","author_link":"https:\/\/pisdisplay.com\/hu\/author\/mark-meszarosanrogravitas-com\/"},"uagb_comment_info":0,"uagb_excerpt":"1 We understand your goals Every project starts with a conversation \u2014 we learn what you need and how we can best support it. 2 We deliver the solution From design to installation, we make sure your displays work perfectly and look great. 3 We\u2019re here for the long run Count on us for reliable&hellip;","_links":{"self":[{"href":"https:\/\/pisdisplay.com\/hu\/wp-json\/wp\/v2\/pages\/320","targetHints":{"allow":["GET"]}}],"collection":[{"href":"https:\/\/pisdisplay.com\/hu\/wp-json\/wp\/v2\/pages"}],"about":[{"href":"https:\/\/pisdisplay.com\/hu\/wp-json\/wp\/v2\/types\/page"}],"author":[{"embeddable":true,"href":"https:\/\/pisdisplay.com\/hu\/wp-json\/wp\/v2\/users\/1"}],"replies":[{"embeddable":true,"href":"https:\/\/pisdisplay.com\/hu\/wp-json\/wp\/v2\/comments?post=320"}],"version-history":[{"count":55,"href":"https:\/\/pisdisplay.com\/hu\/wp-json\/wp\/v2\/pages\/320\/revisions"}],"predecessor-version":[{"id":3444,"href":"https:\/\/pisdisplay.com\/hu\/wp-json\/wp\/v2\/pages\/320\/revisions\/3444"}],"wp:attachment":[{"href":"https:\/\/pisdisplay.com\/hu\/wp-json\/wp\/v2\/media?parent=320"}],"curies":[{"name":"wp","href":"https:\/\/api.w.org\/{rel}","templated":true}]}}