{"id":323,"date":"2025-11-04T09:13:00","date_gmt":"2025-11-04T09:13:00","guid":{"rendered":"http:\/\/pisdisplay.com\/courses\/"},"modified":"2026-03-19T14:11:54","modified_gmt":"2026-03-19T13:11:54","slug":"references","status":"publish","type":"page","link":"https:\/\/pisdisplay.com\/hu\/references\/","title":{"rendered":"Referenci\u00e1k"},"content":{"rendered":"<div class=\"wp-block-uagb-container uagb-block-5e3f9ddd default uagb-is-root-container\">\n<div class=\"wp-block-uagb-info-box uagb-block-94645e92 uagb-infobox__content-wrap  uagb-infobox-icon-above-title uagb-infobox-image-valign-top wp-block-uagb-info-box--has-margin\"><div class=\"uagb-infobox-margin-wrapper\"><div class=\"uagb-ifb-content\"><div class=\"uagb-ifb-title-wrap\"><h1 class=\"uagb-ifb-title-prefix\">Referenci\u00e1k<\/h1><h3 class=\"uagb-ifb-title\"><em>Bev\u00e1lt kijelz\u0151megold\u00e1sok m\u0171k\u00f6d\u00e9s k\u00f6zben.<\/em><\/h3><\/div><\/div><\/div><\/div>\n<\/div>\n\n\n\n<div class=\"wp-block-uagb-container uagb-layout-flex uagb-block-6f168862 alignfull uagb-is-root-container\"><div class=\"uagb-container-inner-blocks-wrap\">\n<div id=\"home-product-display\" class=\"wp-block-uagb-container uagb-layout-flex uagb-block-57a0bfd6 alignfull uagb-is-root-container\"><div class=\"uagb-container-inner-blocks-wrap\">\n<div class=\"wp-block-uagb-container uagb-block-ce6689d5\">\n<figure class=\"wp-block-image aligncenter size-full is-resized has-custom-border\"><img loading=\"lazy\" decoding=\"async\" width=\"500\" height=\"500\" src=\"https:\/\/pisdisplay.com\/wp-content\/uploads\/2026\/01\/mav_logo-2.webp\" alt=\"\" class=\"wp-image-3089\" style=\"border-width:1px;border-top-left-radius:100%;border-top-right-radius:100%;border-bottom-left-radius:100%;border-bottom-right-radius:100%;object-fit:cover;width:100px;height:100px\" srcset=\"https:\/\/pisdisplay.com\/wp-content\/uploads\/2026\/01\/mav_logo-2.webp 500w, https:\/\/pisdisplay.com\/wp-content\/uploads\/2026\/01\/mav_logo-2-300x300.webp 300w, https:\/\/pisdisplay.com\/wp-content\/uploads\/2026\/01\/mav_logo-2-150x150.webp 150w, https:\/\/pisdisplay.com\/wp-content\/uploads\/2026\/01\/mav_logo-2-12x12.webp 12w\" sizes=\"auto, (max-width: 500px) 100vw, 500px\" \/><\/figure>\n\n\n\n<div class=\"wp-block-uagb-info-box uagb-block-168334d6 uagb-infobox__content-wrap  uagb-infobox-icon-above-title uagb-infobox-image-valign-top wp-block-uagb-info-box--has-margin\"><div class=\"uagb-infobox-margin-wrapper\"><div class=\"uagb-ifb-content\"><div class=\"uagb-ifb-title-wrap\"><h4 class=\"uagb-ifb-title\">KELENF\u00d6LD \u2013 Utas\u00e1raml\u00e1si projekt<\/h4><\/div><p class=\"uagb-ifb-desc\">Megrendel\u0151: M\u00c1V P\u00e1lyam\u0171k\u00f6dtet\u00e9si Zrt.<\/p><\/div><\/div><\/div>\n\n\n\n<p class=\"has-ast-global-color-4-color has-text-color has-link-color wp-elements-d9462a239d32d3c8d3e49228431fb99a\">Utas\u00e1raml\u00e1st seg\u00edt\u0151 berendez\u00e9sek telep\u00edt\u00e9se Budapest-Kelenf\u00f6ld \u00e1llom\u00e1son.<br><br>Projekt megval\u00f3sul\u00e1s\u00e1nak d\u00e1tuma:<br> \u2013 2025.12.22.<\/p>\n<\/div>\n\n\n\n<div class=\"wp-block-uagb-container uagb-block-f0fa0d89\">\n<figure class=\"wp-block-image aligncenter size-full is-resized has-custom-border\"><img loading=\"lazy\" decoding=\"async\" width=\"500\" height=\"500\" src=\"https:\/\/pisdisplay.com\/wp-content\/uploads\/2026\/01\/mav_logo-2.webp\" alt=\"\" class=\"wp-image-3089\" style=\"border-width:1px;border-top-left-radius:100%;border-top-right-radius:100%;border-bottom-left-radius:100%;border-bottom-right-radius:100%;object-fit:cover;width:100px;height:100px\" srcset=\"https:\/\/pisdisplay.com\/wp-content\/uploads\/2026\/01\/mav_logo-2.webp 500w, https:\/\/pisdisplay.com\/wp-content\/uploads\/2026\/01\/mav_logo-2-300x300.webp 300w, https:\/\/pisdisplay.com\/wp-content\/uploads\/2026\/01\/mav_logo-2-150x150.webp 150w, https:\/\/pisdisplay.com\/wp-content\/uploads\/2026\/01\/mav_logo-2-12x12.webp 12w\" sizes=\"auto, (max-width: 500px) 100vw, 500px\" \/><\/figure>\n\n\n\n<div class=\"wp-block-uagb-info-box uagb-block-e7fbe8aa uagb-infobox__content-wrap  uagb-infobox-icon-above-title uagb-infobox-image-valign-top wp-block-uagb-info-box--has-margin\"><div class=\"uagb-infobox-margin-wrapper\"><div class=\"uagb-ifb-content\"><div class=\"uagb-ifb-title-wrap\"><h4 class=\"uagb-ifb-title\">AEG keretszerz\u0151d\u00e9s<\/h4><\/div><p class=\"uagb-ifb-desc\">Megrendel\u0151: M\u00c1V P\u00e1lyam\u0171k\u00f6dtet\u00e9si Zrt.<\/p><\/div><\/div><\/div>\n\n\n\n<p class=\"has-ast-global-color-4-color has-text-color has-link-color wp-elements-d76519aee9d06bb306bd37542e2acc56\">T\u00e1vk\u00f6zl\u00e9si berendez\u00e9sek karbantart\u00e1sa: AEG\/BMG gy\u00e1rtm\u00e1ny\u00fa vizu\u00e1lis utast\u00e1j\u00e9koztat\u00f3 berendez\u00e9sek, azok k\u00e1rty\u00e1inak, egys\u00e9geinek jav\u00edt\u00e1sa, AEG\/BMG szoftvert\u00e1mogat\u00e1s.<br><br>Projekt megval\u00f3sul\u00e1s\u00e1nak d\u00e1tuma:<br>\u2013 2027.05.23 (szerz\u0151d\u00e9s alapj\u00e1n)<\/p>\n<\/div>\n\n\n\n<div class=\"wp-block-uagb-container uagb-block-e3b658f4\">\n<figure class=\"wp-block-image aligncenter size-full is-resized has-custom-border\"><img loading=\"lazy\" decoding=\"async\" width=\"542\" height=\"545\" src=\"https:\/\/pisdisplay.com\/wp-content\/uploads\/2025\/11\/ovf_logo-e1746794408590.webp\" alt=\"\" class=\"wp-image-2215\" style=\"border-style:none;border-width:0px;border-top-left-radius:100%;border-top-right-radius:100%;border-bottom-left-radius:100%;border-bottom-right-radius:100%;object-fit:cover;width:100px;height:100px\" srcset=\"https:\/\/pisdisplay.com\/wp-content\/uploads\/2025\/11\/ovf_logo-e1746794408590.webp 542w, https:\/\/pisdisplay.com\/wp-content\/uploads\/2025\/11\/ovf_logo-e1746794408590-298x300.webp 298w, https:\/\/pisdisplay.com\/wp-content\/uploads\/2025\/11\/ovf_logo-e1746794408590-150x150.webp 150w\" sizes=\"auto, (max-width: 542px) 100vw, 542px\" \/><\/figure>\n\n\n\n<div class=\"wp-block-uagb-info-box uagb-block-58735a82 uagb-infobox__content-wrap  uagb-infobox-icon-above-title uagb-infobox-image-valign-top wp-block-uagb-info-box--has-margin\"><div class=\"uagb-infobox-margin-wrapper\"><div class=\"uagb-ifb-content\"><div class=\"uagb-ifb-title-wrap\"><h4 class=\"uagb-ifb-title\">OVF projekt<\/h4><\/div><p class=\"uagb-ifb-desc\">Megrendel\u0151: Orsz\u00e1gos V\u00edz\u00fcgyi F\u0151igazgat\u00f3s\u00e1g<\/p><\/div><\/div><\/div>\n\n\n\n<p class=\"has-ast-global-color-4-color has-text-color has-link-color wp-elements-d307cc9d00da61898806c4bceb67560a\">A KEHOP-1.1.0-15-2017-00012 azonos\u00edt\u00f3sz\u00e1m\u00fa\u201d \u00c1tfog\u00f3 k\u00f6rnyezeti megfigyel\u0151 \u00e9s t\u00e1j\u00e9koztat\u00f3 rendszer a Balatonon\u201d projekt keret\u00e9ben K\u00fclt\u00e9ri t\u00e1j\u00e9koztat\u00f3 t\u00e1bl\u00e1k beszerz\u00e9se, telep\u00edt\u00e9se \u00e9s szoftver fejleszt\u00e9se.<br><br>Projekt megval\u00f3sul\u00e1s\u00e1nak d\u00e1tuma:<br> \u2013 2023.10.06.<\/p>\n<\/div>\n\n\n\n<div class=\"wp-block-uagb-container uagb-block-e279a0f1\">\n<figure class=\"wp-block-image aligncenter size-full is-resized has-custom-border\"><img loading=\"lazy\" decoding=\"async\" width=\"500\" height=\"500\" src=\"https:\/\/pisdisplay.com\/wp-content\/uploads\/2026\/01\/mav_logo-2.webp\" alt=\"\" class=\"wp-image-3089\" style=\"border-width:1px;border-top-left-radius:100%;border-top-right-radius:100%;border-bottom-left-radius:100%;border-bottom-right-radius:100%;object-fit:cover;width:100px;height:100px\" srcset=\"https:\/\/pisdisplay.com\/wp-content\/uploads\/2026\/01\/mav_logo-2.webp 500w, https:\/\/pisdisplay.com\/wp-content\/uploads\/2026\/01\/mav_logo-2-300x300.webp 300w, https:\/\/pisdisplay.com\/wp-content\/uploads\/2026\/01\/mav_logo-2-150x150.webp 150w, https:\/\/pisdisplay.com\/wp-content\/uploads\/2026\/01\/mav_logo-2-12x12.webp 12w\" sizes=\"auto, (max-width: 500px) 100vw, 500px\" \/><\/figure>\n\n\n\n<div class=\"wp-block-uagb-info-box uagb-block-7bb58ecd uagb-infobox__content-wrap  uagb-infobox-icon-above-title uagb-infobox-image-valign-top wp-block-uagb-info-box--has-margin\"><div class=\"uagb-infobox-margin-wrapper\"><div class=\"uagb-ifb-content\"><div class=\"uagb-ifb-title-wrap\"><h4 class=\"uagb-ifb-title\">Mez\u0151hegyesi projekt<\/h4><\/div><p class=\"uagb-ifb-desc\">Megrendel\u0151: M\u00c1V Magyar \u00c1llamvasutak Zrt.<\/p><\/div><\/div><\/div>\n\n\n\n<p class=\"has-ast-global-color-4-color has-text-color has-link-color wp-elements-65509ddcf82a5558a67b03ee7bc80d05\">Mez\u0151hegyes \u00e1llom\u00e1son l\u00e9v\u0151 vizu\u00e1lis utast\u00e1j\u00e9koztat\u00f3 jav\u00edt\u00e1sa.<br><br>Projekt megval\u00f3sul\u00e1s\u00e1nak d\u00e1tuma:<br> \u2013 2024.12.23.<\/p>\n<\/div>\n\n\n\n<div class=\"wp-block-uagb-container uagb-block-89662646\">\n<figure class=\"wp-block-image aligncenter size-full is-resized has-custom-border\"><img loading=\"lazy\" decoding=\"async\" width=\"500\" height=\"500\" src=\"https:\/\/pisdisplay.com\/wp-content\/uploads\/2026\/01\/mav_logo-2.webp\" alt=\"\" class=\"wp-image-3089\" style=\"border-width:1px;border-top-left-radius:100%;border-top-right-radius:100%;border-bottom-left-radius:100%;border-bottom-right-radius:100%;object-fit:cover;width:100px;height:100px\" srcset=\"https:\/\/pisdisplay.com\/wp-content\/uploads\/2026\/01\/mav_logo-2.webp 500w, https:\/\/pisdisplay.com\/wp-content\/uploads\/2026\/01\/mav_logo-2-300x300.webp 300w, https:\/\/pisdisplay.com\/wp-content\/uploads\/2026\/01\/mav_logo-2-150x150.webp 150w, https:\/\/pisdisplay.com\/wp-content\/uploads\/2026\/01\/mav_logo-2-12x12.webp 12w\" sizes=\"auto, (max-width: 500px) 100vw, 500px\" \/><\/figure>\n\n\n\n<div class=\"wp-block-uagb-info-box uagb-block-a0f80ed7 uagb-infobox__content-wrap  uagb-infobox-icon-above-title uagb-infobox-image-valign-top wp-block-uagb-info-box--has-margin\"><div class=\"uagb-infobox-margin-wrapper\"><div class=\"uagb-ifb-content\"><div class=\"uagb-ifb-title-wrap\"><h4 class=\"uagb-ifb-title\">KELENF\u00d6LDI AEG fel\u00faj\u00edt\u00e1s<\/h4><\/div><p class=\"uagb-ifb-desc\">Megrendel\u0151: M\u00c1V Magyar \u00c1llamvasutak Zrt.<\/p><\/div><\/div><\/div>\n\n\n\n<p class=\"has-ast-global-color-4-color has-text-color has-link-color wp-elements-78f443b13c8c3cbccc05f5459b23cb17\">Kelenf\u00f6ld AEG peront\u00e1bl\u00e1k fel\u00faj\u00edt\u00e1sa \u2013 8 db.<br><br>Projekt megval\u00f3sul\u00e1s\u00e1nak d\u00e1tuma:<br> \u2013 2024.02.15.<\/p>\n<\/div>\n\n\n\n<div class=\"wp-block-uagb-container uagb-block-5ef2bba2\">\n<figure class=\"wp-block-image aligncenter size-full is-resized has-custom-border\"><img loading=\"lazy\" decoding=\"async\" width=\"500\" height=\"500\" src=\"https:\/\/pisdisplay.com\/wp-content\/uploads\/2026\/01\/mav_logo-2.webp\" alt=\"\" class=\"wp-image-3089\" style=\"border-width:1px;border-top-left-radius:100%;border-top-right-radius:100%;border-bottom-left-radius:100%;border-bottom-right-radius:100%;object-fit:cover;width:100px;height:100px\" srcset=\"https:\/\/pisdisplay.com\/wp-content\/uploads\/2026\/01\/mav_logo-2.webp 500w, https:\/\/pisdisplay.com\/wp-content\/uploads\/2026\/01\/mav_logo-2-300x300.webp 300w, https:\/\/pisdisplay.com\/wp-content\/uploads\/2026\/01\/mav_logo-2-150x150.webp 150w, https:\/\/pisdisplay.com\/wp-content\/uploads\/2026\/01\/mav_logo-2-12x12.webp 12w\" sizes=\"auto, (max-width: 500px) 100vw, 500px\" \/><\/figure>\n\n\n\n<div class=\"wp-block-uagb-info-box uagb-block-5d14b1ec uagb-infobox__content-wrap  uagb-infobox-icon-above-title uagb-infobox-image-valign-top wp-block-uagb-info-box--has-margin\"><div class=\"uagb-infobox-margin-wrapper\"><div class=\"uagb-ifb-content\"><div class=\"uagb-ifb-title-wrap\"><h4 class=\"uagb-ifb-title\">Szegedi AEGO projekt<\/h4><\/div><p class=\"uagb-ifb-desc\">Megrendel\u0151: M\u00c1V Magyar \u00c1llamvasutak Zrt.<\/p><\/div><\/div><\/div>\n\n\n\n<p class=\"has-ast-global-color-4-color has-text-color has-link-color wp-elements-14e4518e89ddf08b990ae0ecceeabff8\">Szeged-\u00e1llom\u00e1son l\u00e9v\u0151 \u00f6sszes\u00edt\u0151 vizu\u00e1lis kijelz\u0151 jav\u00edt\u00e1sa.<br><br>Projekt megval\u00f3sul\u00e1s\u00e1nak d\u00e1tuma:<br> \u2013 2024.12.13.<\/p>\n<\/div>\n<\/div><\/div>\n<\/div><\/div>\n\n\n\n<div class=\"wp-block-uagb-container uagb-layout-grid uagb-block-016cb94e alignfull uagb-is-root-container\"><\/div>\n\n\n\n<div class=\"wp-block-uagb-container contact-us-container uagb-block-5028a064 alignfull uagb-is-root-container\"><div class=\"uagb-container-inner-blocks-wrap\">\n<div class=\"wp-block-uagb-container uagb-block-3302537b\">\n<div class=\"wp-block-uagb-info-box uagb-block-60f46c42 uagb-infobox__content-wrap  uagb-infobox-icon-above-title uagb-infobox-image-valign-top wp-block-uagb-info-box--has-margin contact-us-info-box\"><div class=\"uagb-infobox-margin-wrapper\"><div class=\"uagb-ifb-content\"><div class=\"uagb-ifb-title-wrap\"><h5 class=\"uagb-ifb-title-prefix\">\u00c9rdeklik a megold\u00e1saink?<\/h5><h3 class=\"uagb-ifb-title\">L\u00e9pjen kapcsolatba m\u00e9g ma!<\/h3><\/div><div class=\"uagb-ifb-button-wrapper wp-block-button\"><a href=\"\/hu\/pisdisplay.com\/contact\/\" class=\"uagb-infobox-cta-link wp-block-button__link\" target=\"_self\" rel=\"noopener noreferrer\" onclick=\"return true;\"><span class=\"uagb-inline-editing\">\u00dczenet K\u00fcld\u00e9se<\/span><\/a><\/div><\/div><\/div><\/div>\n<\/div>\n<\/div><\/div>\n\n\n\n<p><\/p>","protected":false},"excerpt":{"rendered":"<p>Installation of passenger flow management equipment at Budapest-Kelenf\u00f6ld station. Project completion date: \u2013 2025.12.22. Maintenance of telecommunications equipment: Repair of AEG\/BMG visual passenger information equipment, including cards and units, and AEG\/BMG software support. Project completion date:\u2013 2027.05.23 (as per contract) Purchase, installation, and software development of outdoor information boards as part of the project entitled [&hellip;]<\/p>\n","protected":false},"author":1,"featured_media":0,"parent":0,"menu_order":0,"comment_status":"closed","ping_status":"closed","template":"","meta":{"_uag_custom_page_level_css":"","site-sidebar-layout":"no-sidebar","site-content-layout":"page-builder","ast-site-content-layout":"full-width-container","site-content-style":"unboxed","site-sidebar-style":"unboxed","ast-global-header-display":"","ast-banner-title-visibility":"","ast-main-header-display":"","ast-hfb-above-header-display":"","ast-hfb-below-header-display":"","ast-hfb-mobile-header-display":"","site-post-title":"disabled","ast-breadcrumbs-content":"","ast-featured-img":"disabled","footer-sml-layout":"","ast-disable-related-posts":"","theme-transparent-header-meta":"enabled","adv-header-id-meta":"","stick-header-meta":"","header-above-stick-meta":"","header-main-stick-meta":"","header-below-stick-meta":"","astra-migrate-meta-layouts":"set","ast-page-background-enabled":"default","ast-page-background-meta":{"desktop":{"background-color":"","background-image":"","background-repeat":"repeat","background-position":"center center","background-size":"auto","background-attachment":"scroll","background-type":"","background-media":"","overlay-type":"","overlay-color":"","overlay-opacity":"","overlay-gradient":""},"tablet":{"background-color":"","background-image":"","background-repeat":"repeat","background-position":"center center","background-size":"auto","background-attachment":"scroll","background-type":"","background-media":"","overlay-type":"","overlay-color":"","overlay-opacity":"","overlay-gradient":""},"mobile":{"background-color":"","background-image":"","background-repeat":"repeat","background-position":"center center","background-size":"auto","background-attachment":"scroll","background-type":"","background-media":"","overlay-type":"","overlay-color":"","overlay-opacity":"","overlay-gradient":""}},"ast-content-background-meta":{"desktop":{"background-color":"var(--ast-global-color-5)","background-image":"","background-repeat":"repeat","background-position":"center center","background-size":"auto","background-attachment":"scroll","background-type":"","background-media":"","overlay-type":"","overlay-color":"","overlay-opacity":"","overlay-gradient":""},"tablet":{"background-color":"var(--ast-global-color-5)","background-image":"","background-repeat":"repeat","background-position":"center center","background-size":"auto","background-attachment":"scroll","background-type":"","background-media":"","overlay-type":"","overlay-color":"","overlay-opacity":"","overlay-gradient":""},"mobile":{"background-color":"var(--ast-global-color-5)","background-image":"","background-repeat":"repeat","background-position":"center center","background-size":"auto","background-attachment":"scroll","background-type":"","background-media":"","overlay-type":"","overlay-color":"","overlay-opacity":"","overlay-gradient":""}},"footnotes":""},"class_list":["post-323","page","type-page","status-publish","hentry"],"aioseo_notices":[],"_hostinger_reach_plugin_has_subscription_block":false,"_hostinger_reach_plugin_is_elementor":false,"uagb_featured_image_src":{"full":false,"thumbnail":false,"medium":false,"medium_large":false,"large":false,"1536x1536":false,"2048x2048":false,"trp-custom-language-flag":false},"uagb_author_info":{"display_name":"mark.meszaros@anrogravitas.com","author_link":"https:\/\/pisdisplay.com\/hu\/author\/mark-meszarosanrogravitas-com\/"},"uagb_comment_info":0,"uagb_excerpt":"Installation of passenger flow management equipment at Budapest-Kelenf\u00f6ld station. Project completion date: \u2013 2025.12.22. Maintenance of telecommunications equipment: Repair of AEG\/BMG visual passenger information equipment, including cards and units, and AEG\/BMG software support. Project completion date:\u2013 2027.05.23 (as per contract) Purchase, installation, and software development of outdoor information boards as part of the project entitled&hellip;","_links":{"self":[{"href":"https:\/\/pisdisplay.com\/hu\/wp-json\/wp\/v2\/pages\/323","targetHints":{"allow":["GET"]}}],"collection":[{"href":"https:\/\/pisdisplay.com\/hu\/wp-json\/wp\/v2\/pages"}],"about":[{"href":"https:\/\/pisdisplay.com\/hu\/wp-json\/wp\/v2\/types\/page"}],"author":[{"embeddable":true,"href":"https:\/\/pisdisplay.com\/hu\/wp-json\/wp\/v2\/users\/1"}],"replies":[{"embeddable":true,"href":"https:\/\/pisdisplay.com\/hu\/wp-json\/wp\/v2\/comments?post=323"}],"version-history":[{"count":30,"href":"https:\/\/pisdisplay.com\/hu\/wp-json\/wp\/v2\/pages\/323\/revisions"}],"predecessor-version":[{"id":3390,"href":"https:\/\/pisdisplay.com\/hu\/wp-json\/wp\/v2\/pages\/323\/revisions\/3390"}],"wp:attachment":[{"href":"https:\/\/pisdisplay.com\/hu\/wp-json\/wp\/v2\/media?parent=323"}],"curies":[{"name":"wp","href":"https:\/\/api.w.org\/{rel}","templated":true}]}}