{"id":327,"date":"2025-11-04T09:13:01","date_gmt":"2025-11-04T09:13:01","guid":{"rendered":"http:\/\/pisdisplay.com\/about\/"},"modified":"2026-03-19T14:01:42","modified_gmt":"2026-03-19T13:01:42","slug":"about","status":"publish","type":"page","link":"https:\/\/pisdisplay.com\/hu\/about\/","title":{"rendered":"About"},"content":{"rendered":"<div class=\"wp-block-uagb-container uagb-block-cb6f3df6 alignfull uagb-is-root-container\"><div class=\"uagb-container-inner-blocks-wrap\">\n<div class=\"wp-block-uagb-info-box uagb-block-174fd325 uagb-infobox__content-wrap  uagb-infobox-icon-above-title uagb-infobox-image-valign-top wp-block-uagb-info-box--has-margin\"><div class=\"uagb-infobox-margin-wrapper\"><div class=\"uagb-ifb-content\"><div class=\"uagb-ifb-title-wrap\"><h1 class=\"uagb-ifb-title-prefix\">R\u00f3lunk<\/h1><h3 class=\"uagb-ifb-title\"><strong>Ismerje meg, mi teszi c\u00e9g\u00fcnket a kijelz\u0151technol\u00f3gia ter\u00fclet\u00e9n megb\u00edzhat\u00f3 szerepl\u0151v\u00e9.<\/strong><\/h3><\/div><\/div><\/div><\/div>\n<\/div><\/div>\n\n\n\n<div class=\"wp-block-uagb-container uag-blocks-common-selector uagb-block-1756e0cc alignfull uagb-is-root-container\"><div class=\"uagb-container-inner-blocks-wrap\">\n<div class=\"wp-block-uagb-info-box uagb-block-7d34615f uagb-infobox__content-wrap  uagb-infobox-icon-above-title uagb-infobox-image-valign-top\"><div class=\"uagb-ifb-content\"><div class=\"uagb-ifb-title-wrap\"><h6 class=\"uagb-ifb-title-prefix\">Az Anro Gravitasr\u00f3l<\/h6><h2 class=\"uagb-ifb-title\">Ha megb\u00edzhat\u00f3, innovat\u00edv \u00e9s eredm\u00e9nyorient\u00e1lt partnerre van sz\u00fcks\u00e9ge, az Anro Gravitas Kft. a t\u00f6k\u00e9letes v\u00e1laszt\u00e1s.<\/h2><\/div><div class=\"uagb-ifb-separator\"><\/div><\/div><\/div>\n\n\n\n<div class=\"wp-block-uagb-advanced-heading uagb-block-952d2b1b\"><p class=\"uagb-desc-text\">Az Anro Gravitas Kft. csapata komplex kijelz\u0151rendszerek tervez\u00e9s\u00e9ben, fejleszt\u00e9s\u00e9ben \u00e9s karbantart\u00e1s\u00e1ban ny\u00fajt seg\u00edts\u00e9get. Sokoldal\u00fa \u00e9s m\u00e9lyrehat\u00f3 szak\u00e9rtelm\u00fcnknek k\u00f6sz\u00f6nhet\u0151en \u00fcgyfeleinknek hat\u00e9kony \u00e9s megb\u00edzhat\u00f3, ig\u00e9nyeikre szabott kijelz\u0151megold\u00e1sokat k\u00edn\u00e1lunk.<\/p><div class=\"uagb-separator\"><\/div><\/div>\n\n\n\n<div class=\"wp-block-uagb-container uagb-block-d60434b8 alignfull uagb-is-root-container\"><div class=\"uagb-container-inner-blocks-wrap\">\n<div class=\"wp-block-uagb-info-box uagb-block-968ba4c5 uagb-infobox__content-wrap  uagb-infobox-icon-above-title uagb-infobox-image-valign-top\"><div class=\"uagb-ifb-content\"><div class=\"uagb-ifb-title-wrap\"><h3 class=\"uagb-ifb-title-prefix\"><strong>14+ m\u00e9rn\u00f6k \u00e9s fejleszt\u0151<\/strong><\/h3><h5 class=\"uagb-ifb-title\">A tapasztalt, t\u00f6bb mint 14 f\u0151s csapatunk minden projektbe szak\u00e9rtelmet \u00e9s innov\u00e1ci\u00f3t visz.<\/h5><\/div><\/div><\/div>\n\n\n\n<div class=\"wp-block-uagb-info-box uagb-block-3a868227 uagb-infobox__content-wrap  uagb-infobox-icon-above-title uagb-infobox-image-valign-top\"><div class=\"uagb-ifb-content\"><div class=\"uagb-ifb-title-wrap\"><h3 class=\"uagb-ifb-title-prefix\">2014-ben alap\u00edtva<\/h3><h5 class=\"uagb-ifb-title\">2014-es alap\u00edt\u00e1sunk \u00f3ta elk\u00f6telezettek vagyunk a legmodernebb megold\u00e1sok ny\u00fajt\u00e1sa ir\u00e1nt.<\/h5><\/div><\/div><\/div>\n<\/div><\/div>\n\n\n\n<div class=\"wp-block-uagb-container uagb-block-3032eab4\">\n<div class=\"wp-block-uagb-container uagb-block-ii4g7ru5 alignfull uagb-is-root-container\"><div class=\"uagb-container-inner-blocks-wrap\">\n<div class=\"wp-block-uagb-container uagb-layout-grid uagb-block-jnbsg65e\">\n<div class=\"wp-block-uagb-image alignleft uagb-block-xjqk2ypd wp-block-uagb-image--layout-default wp-block-uagb-image--effect-static wp-block-uagb-image--align-left\"><figure class=\"wp-block-uagb-image__figure\"><img decoding=\"async\" srcset=\"https:\/\/pisdisplay.com\/wp-content\/uploads\/2026\/03\/ANRO_2026-22-1024x683.jpg ,https:\/\/pisdisplay.com\/wp-content\/uploads\/2026\/03\/ANRO_2026-22-scaled.jpg 780w, https:\/\/pisdisplay.com\/wp-content\/uploads\/2026\/03\/ANRO_2026-22-scaled.jpg 360w\" sizes=\"auto, (max-width: 480px) 150px\" src=\"https:\/\/pisdisplay.com\/wp-content\/uploads\/2026\/03\/ANRO_2026-22-1024x683.jpg\" alt=\"\" class=\"uag-image-3379\" width=\"780\" height=\"466\" title=\"ANRO_2026-22\" loading=\"lazy\" role=\"img\"\/><\/figure><\/div>\n\n\n\n<div class=\"wp-block-uagb-image alignleft uagb-block-xuvwgbyr wp-block-uagb-image--layout-default wp-block-uagb-image--effect-static wp-block-uagb-image--align-left\"><figure class=\"wp-block-uagb-image__figure\"><img decoding=\"async\" srcset=\"https:\/\/pisdisplay.com\/wp-content\/uploads\/2026\/03\/ANRO_2026-1-1024x683.jpg ,https:\/\/pisdisplay.com\/wp-content\/uploads\/2026\/03\/ANRO_2026-1-scaled.jpg 780w, https:\/\/pisdisplay.com\/wp-content\/uploads\/2026\/03\/ANRO_2026-1-scaled.jpg 360w\" sizes=\"auto, (max-width: 480px) 150px\" src=\"https:\/\/pisdisplay.com\/wp-content\/uploads\/2026\/03\/ANRO_2026-1-1024x683.jpg\" alt=\"\" class=\"uag-image-3381\" width=\"385\" height=\"466\" title=\"ANRO_2026-1\" loading=\"lazy\" role=\"img\"\/><\/figure><\/div>\n<\/div>\n\n\n\n<div class=\"wp-block-uagb-container uagb-layout-grid uagb-block-ah5mpgok\">\n<div class=\"wp-block-uagb-image alignleft uagb-block-dewg4umb wp-block-uagb-image--layout-default wp-block-uagb-image--effect-static wp-block-uagb-image--align-left\"><figure class=\"wp-block-uagb-image__figure\"><img decoding=\"async\" srcset=\"https:\/\/pisdisplay.com\/wp-content\/uploads\/2026\/01\/ANRO_KISKOROS-1-v1-scaled-e1773924433365-1024x991.jpg ,https:\/\/pisdisplay.com\/wp-content\/uploads\/2026\/01\/ANRO_KISKOROS-1-v1-scaled-e1773924433365.jpg 780w, https:\/\/pisdisplay.com\/wp-content\/uploads\/2026\/01\/ANRO_KISKOROS-1-v1-scaled-e1773924433365.jpg 360w\" sizes=\"auto, (max-width: 480px) 150px\" src=\"https:\/\/pisdisplay.com\/wp-content\/uploads\/2026\/01\/ANRO_KISKOROS-1-v1-scaled-e1773924433365-1024x991.jpg\" alt=\"\" class=\"uag-image-2751\" width=\"371\" height=\"466\" title=\"ANRO_KISKOROS-1-v1\" loading=\"lazy\" role=\"img\"\/><\/figure><\/div>\n\n\n\n<div class=\"wp-block-uagb-image alignleft uagb-block-unlehjuu wp-block-uagb-image--layout-default wp-block-uagb-image--effect-static wp-block-uagb-image--align-left\"><figure class=\"wp-block-uagb-image__figure\"><img decoding=\"async\" srcset=\"https:\/\/pisdisplay.com\/wp-content\/uploads\/2026\/03\/ANRO_2026-7-1024x683.jpg ,https:\/\/pisdisplay.com\/wp-content\/uploads\/2026\/03\/ANRO_2026-7-scaled.jpg 780w, https:\/\/pisdisplay.com\/wp-content\/uploads\/2026\/03\/ANRO_2026-7-scaled.jpg 360w\" sizes=\"auto, (max-width: 480px) 150px\" src=\"https:\/\/pisdisplay.com\/wp-content\/uploads\/2026\/03\/ANRO_2026-7-1024x683.jpg\" alt=\"\" class=\"uag-image-3380\" width=\"792\" height=\"466\" title=\"ANRO_2026-7\" loading=\"lazy\" role=\"img\"\/><\/figure><\/div>\n<\/div>\n<\/div><\/div>\n<\/div>\n<\/div><\/div>\n\n\n\n<div class=\"wp-block-uagb-container uag-blocks-common-selector uagb-block-97762f89 alignfull uagb-is-root-container\"><div class=\"uagb-container-inner-blocks-wrap\">\n<div class=\"wp-block-uagb-container uagb-block-f1722357 default uagb-is-root-container\">\n<div class=\"wp-block-uagb-container uagb-block-d7112858\">\n<div class=\"wp-block-uagb-info-box uagb-block-af7b58d3 uagb-infobox__content-wrap  uagb-infobox-icon-above-title uagb-infobox-image-valign-top\"><div class=\"uagb-ifb-content\"><div class=\"uagb-ifb-title-wrap\"><h3 class=\"uagb-ifb-title\"><strong>Mi\u00e9rt V\u00e1lassza az Anro Gravitas-t?<\/strong><\/h3><\/div><\/div><\/div>\n<\/div>\n\n\n\n<div class=\"wp-block-uagb-container uagb-layout-grid uagb-block-d310420e\">\n<div class=\"wp-block-uagb-info-box uagb-block-25cfb66f uagb-infobox__content-wrap  uagb-infobox-icon-left uagb-infobox-left uagb-infobox-image-valign-top wp-block-uagb-info-box--has-margin\"><div class=\"uagb-infobox-margin-wrapper\"><div class=\"uagb-ifb-icon-wrap\"><svg xmlns=\"https:\/\/www.w3.org\/2000\/svg\" viewbox=\"0 0 320 512\"><path d=\"M9.375 329.4c12.51-12.51 32.76-12.49 45.25 0L128 402.8V32c0-17.69 14.31-32 32-32s32 14.31 32 32v370.8l73.38-73.38c12.5-12.5 32.75-12.5 45.25 0s12.5 32.75 0 45.25l-128 128c-12.5 12.5-32.75 12.5-45.25 0l-128-128C-3.125 362.1-3.125 341.9 9.375 329.4z\"><\/path><\/svg><\/div><div class=\"uagb-ifb-content\"><div class=\"uagb-ifb-title-wrap\"><h4 class=\"uagb-ifb-title\">Szem\u00e9lyre Szabva<\/h4><\/div><p class=\"uagb-ifb-desc\">Egyedi kijelz\u0151megold\u00e1sokat fejleszt\u00fcnk, amelyek t\u00f6k\u00e9letesen megfelelnek a projekt k\u00f6vetelm\u00e9nyeinek, biztos\u00edtva a z\u00f6kken\u0151mentes integr\u00e1ci\u00f3t \u00e9s teljes\u00edtm\u00e9nyt.<\/p><\/div><\/div><\/div>\n\n\n\n<div class=\"wp-block-uagb-info-box uagb-block-0446ccd4 uagb-infobox__content-wrap  uagb-infobox-icon-left uagb-infobox-left uagb-infobox-image-valign-top wp-block-uagb-info-box--has-margin\"><div class=\"uagb-infobox-margin-wrapper\"><div class=\"uagb-ifb-icon-wrap\"><svg xmlns=\"https:\/\/www.w3.org\/2000\/svg\" viewbox=\"0 0 320 512\"><path d=\"M9.375 329.4c12.51-12.51 32.76-12.49 45.25 0L128 402.8V32c0-17.69 14.31-32 32-32s32 14.31 32 32v370.8l73.38-73.38c12.5-12.5 32.75-12.5 45.25 0s12.5 32.75 0 45.25l-128 128c-12.5 12.5-32.75 12.5-45.25 0l-128-128C-3.125 362.1-3.125 341.9 9.375 329.4z\"><\/path><\/svg><\/div><div class=\"uagb-ifb-content\"><div class=\"uagb-ifb-title-wrap\"><h4 class=\"uagb-ifb-title\">Rugalmass\u00e1g \u00e9s Alkalmazkod\u00e1s<\/h4><\/div><p class=\"uagb-ifb-desc\">Rendszereink \u00fagy vannak tervezve, hogy k\u00f6nnyen alkalmazkodjanak \u00e9s sk\u00e1l\u00e1zhat\u00f3k legyenek b\u00e1rmilyen k\u00f6rnyezetben.<\/p><\/div><\/div><\/div>\n\n\n\n<div class=\"wp-block-uagb-info-box uagb-block-0c6833dd uagb-infobox__content-wrap  uagb-infobox-icon-left uagb-infobox-left uagb-infobox-image-valign-top\"><div class=\"uagb-ifb-icon-wrap\"><svg xmlns=\"https:\/\/www.w3.org\/2000\/svg\" viewbox=\"0 0 320 512\"><path d=\"M9.375 329.4c12.51-12.51 32.76-12.49 45.25 0L128 402.8V32c0-17.69 14.31-32 32-32s32 14.31 32 32v370.8l73.38-73.38c12.5-12.5 32.75-12.5 45.25 0s12.5 32.75 0 45.25l-128 128c-12.5 12.5-32.75 12.5-45.25 0l-128-128C-3.125 362.1-3.125 341.9 9.375 329.4z\"><\/path><\/svg><\/div><div class=\"uagb-ifb-content\"><div class=\"uagb-ifb-title-wrap\"><h4 class=\"uagb-ifb-title\">Naprak\u00e9szek Vagyunk<\/h4><\/div><p class=\"uagb-ifb-desc\">L\u00e9p\u00e9st tartunk a leg\u00fajabb technol\u00f3gi\u00e1kkal, hogy modern, j\u00f6v\u0151biztos kijelz\u0151megold\u00e1sokat ny\u00fajthassunk.<\/p><\/div><\/div>\n\n\n\n<div class=\"wp-block-uagb-info-box uagb-block-051f776d uagb-infobox__content-wrap  uagb-infobox-icon-left uagb-infobox-left uagb-infobox-image-valign-top\"><div class=\"uagb-ifb-icon-wrap\"><svg xmlns=\"https:\/\/www.w3.org\/2000\/svg\" viewbox=\"0 0 320 512\"><path d=\"M9.375 329.4c12.51-12.51 32.76-12.49 45.25 0L128 402.8V32c0-17.69 14.31-32 32-32s32 14.31 32 32v370.8l73.38-73.38c12.5-12.5 32.75-12.5 45.25 0s12.5 32.75 0 45.25l-128 128c-12.5 12.5-32.75 12.5-45.25 0l-128-128C-3.125 362.1-3.125 341.9 9.375 329.4z\"><\/path><\/svg><\/div><div class=\"uagb-ifb-content\"><div class=\"uagb-ifb-title-wrap\"><h4 class=\"uagb-ifb-title\">Megb\u00edzhat\u00f3 T\u00e1mogat\u00e1s<\/h4><\/div><p class=\"uagb-ifb-desc\">A koncepci\u00f3t\u00f3l a karbantart\u00e1sig szak\u00e9rt\u0151i csapatunk megb\u00edzhat\u00f3 szolg\u00e1ltat\u00e1st \u00e9s hossz\u00fa t\u00e1v\u00fa megb\u00edzhat\u00f3s\u00e1got biztos\u00edt.<\/p><\/div><\/div>\n<\/div>\n<\/div>\n<\/div><\/div>\n\n\n\n<div class=\"wp-block-uagb-container contact-us-container uagb-block-5028a064 alignfull uagb-is-root-container\"><div class=\"uagb-container-inner-blocks-wrap\">\n<div class=\"wp-block-uagb-container uagb-block-3302537b\">\n<div class=\"wp-block-uagb-info-box uagb-block-60f46c42 uagb-infobox__content-wrap  uagb-infobox-icon-above-title uagb-infobox-image-valign-top wp-block-uagb-info-box--has-margin contact-us-info-box\"><div class=\"uagb-infobox-margin-wrapper\"><div class=\"uagb-ifb-content\"><div class=\"uagb-ifb-title-wrap\"><h5 class=\"uagb-ifb-title-prefix\">\u00c9rdeklik a megold\u00e1saink?<\/h5><h3 class=\"uagb-ifb-title\">L\u00e9pjen kapcsolatba m\u00e9g ma!<\/h3><\/div><div class=\"uagb-ifb-button-wrapper wp-block-button\"><a href=\"\/hu\/pisdisplay.com\/contact\/\" class=\"uagb-infobox-cta-link wp-block-button__link\" target=\"_self\" rel=\"noopener noreferrer\" onclick=\"return true;\"><span class=\"uagb-inline-editing\">\u00dczenet K\u00fcld\u00e9se<\/span><\/a><\/div><\/div><\/div><\/div>\n<\/div>\n<\/div><\/div>\n\n\n\n<p><\/p>","protected":false},"excerpt":{"rendered":"<p>Az Anro Gravitas Kft. csapata komplex kijelz\u0151rendszerek tervez\u00e9s\u00e9ben, fejleszt\u00e9s\u00e9ben \u00e9s karbantart\u00e1s\u00e1ban ny\u00fajt seg\u00edts\u00e9get. Sokoldal\u00fa \u00e9s m\u00e9lyrehat\u00f3 szak\u00e9rtelm\u00fcnknek k\u00f6sz\u00f6nhet\u0151en \u00fcgyfeleinknek hat\u00e9kony \u00e9s megb\u00edzhat\u00f3, ig\u00e9nyeikre szabott kijelz\u0151megold\u00e1sokat k\u00edn\u00e1lunk.<\/p>","protected":false},"author":1,"featured_media":0,"parent":0,"menu_order":0,"comment_status":"closed","ping_status":"closed","template":"","meta":{"_uag_custom_page_level_css":"","site-sidebar-layout":"no-sidebar","site-content-layout":"page-builder","ast-site-content-layout":"full-width-container","site-content-style":"unboxed","site-sidebar-style":"unboxed","ast-global-header-display":"","ast-banner-title-visibility":"","ast-main-header-display":"","ast-hfb-above-header-display":"","ast-hfb-below-header-display":"","ast-hfb-mobile-header-display":"","site-post-title":"disabled","ast-breadcrumbs-content":"","ast-featured-img":"disabled","footer-sml-layout":"","ast-disable-related-posts":"","theme-transparent-header-meta":"enabled","adv-header-id-meta":"","stick-header-meta":"","header-above-stick-meta":"","header-main-stick-meta":"","header-below-stick-meta":"","astra-migrate-meta-layouts":"set","ast-page-background-enabled":"default","ast-page-background-meta":{"desktop":{"background-color":"","background-image":"","background-repeat":"repeat","background-position":"center center","background-size":"auto","background-attachment":"scroll","background-type":"","background-media":"","overlay-type":"","overlay-color":"","overlay-opacity":"","overlay-gradient":""},"tablet":{"background-color":"","background-image":"","background-repeat":"repeat","background-position":"center center","background-size":"auto","background-attachment":"scroll","background-type":"","background-media":"","overlay-type":"","overlay-color":"","overlay-opacity":"","overlay-gradient":""},"mobile":{"background-color":"","background-image":"","background-repeat":"repeat","background-position":"center center","background-size":"auto","background-attachment":"scroll","background-type":"","background-media":"","overlay-type":"","overlay-color":"","overlay-opacity":"","overlay-gradient":""}},"ast-content-background-meta":{"desktop":{"background-color":"var(--ast-global-color-5)","background-image":"","background-repeat":"repeat","background-position":"center center","background-size":"auto","background-attachment":"scroll","background-type":"","background-media":"","overlay-type":"","overlay-color":"","overlay-opacity":"","overlay-gradient":""},"tablet":{"background-color":"var(--ast-global-color-5)","background-image":"","background-repeat":"repeat","background-position":"center center","background-size":"auto","background-attachment":"scroll","background-type":"","background-media":"","overlay-type":"","overlay-color":"","overlay-opacity":"","overlay-gradient":""},"mobile":{"background-color":"var(--ast-global-color-5)","background-image":"","background-repeat":"repeat","background-position":"center center","background-size":"auto","background-attachment":"scroll","background-type":"","background-media":"","overlay-type":"","overlay-color":"","overlay-opacity":"","overlay-gradient":""}},"footnotes":""},"class_list":["post-327","page","type-page","status-publish","hentry"],"aioseo_notices":[],"_hostinger_reach_plugin_has_subscription_block":false,"_hostinger_reach_plugin_is_elementor":false,"uagb_featured_image_src":{"full":false,"thumbnail":false,"medium":false,"medium_large":false,"large":false,"1536x1536":false,"2048x2048":false,"trp-custom-language-flag":false},"uagb_author_info":{"display_name":"mark.meszaros@anrogravitas.com","author_link":"https:\/\/pisdisplay.com\/hu\/author\/mark-meszarosanrogravitas-com\/"},"uagb_comment_info":0,"uagb_excerpt":"The team at Anro Gravitas is dedicated to assisting with the design, development, and maintenance of complex display systems. Thanks to our versatile and in-depth expertise, we provide our clients with efficient and reliable display solutions tailored to their needs.","_links":{"self":[{"href":"https:\/\/pisdisplay.com\/hu\/wp-json\/wp\/v2\/pages\/327","targetHints":{"allow":["GET"]}}],"collection":[{"href":"https:\/\/pisdisplay.com\/hu\/wp-json\/wp\/v2\/pages"}],"about":[{"href":"https:\/\/pisdisplay.com\/hu\/wp-json\/wp\/v2\/types\/page"}],"author":[{"embeddable":true,"href":"https:\/\/pisdisplay.com\/hu\/wp-json\/wp\/v2\/users\/1"}],"replies":[{"embeddable":true,"href":"https:\/\/pisdisplay.com\/hu\/wp-json\/wp\/v2\/comments?post=327"}],"version-history":[{"count":19,"href":"https:\/\/pisdisplay.com\/hu\/wp-json\/wp\/v2\/pages\/327\/revisions"}],"predecessor-version":[{"id":3388,"href":"https:\/\/pisdisplay.com\/hu\/wp-json\/wp\/v2\/pages\/327\/revisions\/3388"}],"wp:attachment":[{"href":"https:\/\/pisdisplay.com\/hu\/wp-json\/wp\/v2\/media?parent=327"}],"curies":[{"name":"wp","href":"https:\/\/api.w.org\/{rel}","templated":true}]}}